{"id":10001,"date":"2024-11-27T20:01:44","date_gmt":"2024-11-27T20:01:44","guid":{"rendered":"https:\/\/dreveal.com\/descargar-dreveal-enterprise\/"},"modified":"2025-10-24T19:45:25","modified_gmt":"2025-10-24T19:45:25","slug":"descargar-dreveal-enterprise","status":"publish","type":"page","link":"https:\/\/dreveal.com\/es\/descargar-dreveal-enterprise\/","title":{"rendered":"Descargar dReveal Enterprise"},"content":{"rendered":"<div class=\"wpb-content-wrapper\"><p>[vc_row full_width=\u00bbstretch_row_content\u00bb equal_height=\u00bbyes\u00bb content_placement=\u00bbmiddle\u00bb bg_type=\u00bbbg_color\u00bb bg_color_value=\u00bb#ECF4F6&#8243; css=\u00bb.vc_custom_1761229147406{padding-bottom: 5% !important;}\u00bb][vc_column el_class=\u00bbpage_builder\u00bb css=\u00bb.vc_custom_1760971131652{background-color: #ECF4F6 !important;}\u00bb]<div id=\"ultimate-heading-164969d4d18e017eb\" class=\"uvc-heading ult-adjust-bottom-margin ultimate-heading-164969d4d18e017eb uvc-4261 text-title-form-main\" data-hspacer=\"no_spacer\"  data-halign=\"center\" style=\"text-align:center\"><div class=\"uvc-heading-spacer no_spacer\" style=\"top\"><\/div><div class=\"uvc-sub-heading ult-responsive\"  data-ultimate-target='.uvc-heading.ultimate-heading-164969d4d18e017eb .uvc-sub-heading '  data-responsive-json-new='{\"font-size\":\"desktop:48px;tablet_portrait:23px;mobile_landscape:16px;mobile:16px;\",\"line-height\":\"desktop:50px;mobile_landscape:21px;mobile:21px;\"}'  style=\"font-family:&#039;Poppins&#039;;font-weight:700;color:#000000;margin-bottom:2%;\"><\/p>\n<h1><strong>dReveal <span class=\"text-builder-green\">Enterprise<\/span><\/strong><\/h1>\n<p><\/div><\/div><div id=\"ultimate-heading-922669d4d18e0186f\" class=\"uvc-heading ult-adjust-bottom-margin ultimate-heading-922669d4d18e0186f uvc-1883 text-enterprice-reports uvc-heading-default-font-sizes\" data-hspacer=\"no_spacer\"  data-halign=\"center\" style=\"text-align:center\"><div class=\"uvc-heading-spacer no_spacer\" style=\"top\"><\/div><div class=\"uvc-main-heading ult-responsive\"  data-ultimate-target='.uvc-heading.ultimate-heading-922669d4d18e0186f h2'  data-responsive-json-new='{\"font-size\":\"\",\"line-height\":\"\"}' ><h2 style=\"--font-weight:theme;margin-top:2%;margin-bottom:3%;\">Visualiza, comparte, organiza<\/br>y programa tus informes<\/h2><\/div><div class=\"uvc-sub-heading ult-responsive\"  data-ultimate-target='.uvc-heading.ultimate-heading-922669d4d18e0186f .uvc-sub-heading '  data-responsive-json-new='{\"font-size\":\"\",\"line-height\":\"\"}'  style=\"font-weight:normal;margin-bottom:3%;\"><\/p>\n<p style=\"text-align: center;\">Descarga dReveal Enterprise gratis y transforma<br \/>\nla manera en que gestionas y presentas tus informes empresariales.<\/p>\n<p><\/div><\/div>[vc_row_inner content_placement=\u00bbmiddle\u00bb el_class=\u00bbcontainer-row-main-enterprice\u00bb css=\u00bb.vc_custom_1761334677636{padding-top: 2% !important;padding-bottom: 2% !important;}\u00bb][vc_column_inner el_class=\u00bbcontainer_feature_cubo\u00bb width=\u00bb1\/5&#8243; css=\u00bb.vc_custom_1761330693241{padding-right: 0px !important;padding-left: 0px !important;}\u00bb][vc_single_image image=\u00bb13436&#8243; img_size=\u00bb48&#215;48&#8243; alignment=\u00bbcenter\u00bb css=\u00bb\u00bb el_class=\u00bbimg_feature_enterprice\u00bb]<div id=\"ultimate-heading-879669d4d18e018d1\" class=\"uvc-heading ult-adjust-bottom-margin ultimate-heading-879669d4d18e018d1 uvc-3791 dreveal-enterprice-feature uvc-heading-default-font-sizes\" data-hspacer=\"no_spacer\"  data-halign=\"center\" style=\"text-align:center\"><div class=\"uvc-heading-spacer no_spacer\" style=\"top\"><\/div><div class=\"uvc-main-heading ult-responsive\"  data-ultimate-target='.uvc-heading.ultimate-heading-879669d4d18e018d1 h4'  data-responsive-json-new='{\"font-size\":\"\",\"line-height\":\"\"}' ><h4 style=\"--font-weight:theme;margin-top:5%;\">Visualizar<\/h4><\/div><div class=\"uvc-sub-heading ult-responsive\"  data-ultimate-target='.uvc-heading.ultimate-heading-879669d4d18e018d1 .uvc-sub-heading '  data-responsive-json-new='{\"font-size\":\"\",\"line-height\":\"\"}'  style=\"font-weight:normal;\"><\/p>\n<p style=\"text-align: center;\">Visualice impactantes<br \/>visualizaciones de sus datos de negocio<br \/>con herramientas intuitivas.<\/p>\n<p><\/div><\/div>[\/vc_column_inner][vc_column_inner el_class=\u00bbcontainer_feature_cubo\u00bb width=\u00bb1\/5&#8243; css=\u00bb.vc_custom_1761330701369{padding-right: 0px !important;padding-left: 0px !important;}\u00bb][vc_single_image image=\u00bb13438&#8243; img_size=\u00bb48&#215;48&#8243; alignment=\u00bbcenter\u00bb css=\u00bb\u00bb el_class=\u00bbimg_feature_enterprice\u00bb]<div id=\"ultimate-heading-117469d4d18e01915\" class=\"uvc-heading ult-adjust-bottom-margin ultimate-heading-117469d4d18e01915 uvc-688 dreveal-enterprice-feature uvc-heading-default-font-sizes\" data-hspacer=\"no_spacer\"  data-halign=\"center\" style=\"text-align:center\"><div class=\"uvc-heading-spacer no_spacer\" style=\"top\"><\/div><div class=\"uvc-main-heading ult-responsive\"  data-ultimate-target='.uvc-heading.ultimate-heading-117469d4d18e01915 h4'  data-responsive-json-new='{\"font-size\":\"\",\"line-height\":\"\"}' ><h4 style=\"--font-weight:theme;margin-top:5%;\">Compartir<\/h4><\/div><div class=\"uvc-sub-heading ult-responsive\"  data-ultimate-target='.uvc-heading.ultimate-heading-117469d4d18e01915 .uvc-sub-heading '  data-responsive-json-new='{\"font-size\":\"\",\"line-height\":\"\"}'  style=\"font-weight:normal;\"><\/p>\n<p style=\"text-align: center;\">Comparta informes y<br \/>\npaneles de control con colegas<br \/>\ny clientes de forma segura y con<br \/>\nacceso controlado<\/p>\n<p><\/div><\/div>[\/vc_column_inner][vc_column_inner el_class=\u00bbcontainer_feature_cubo\u00bb width=\u00bb1\/5&#8243; css=\u00bb.vc_custom_1761330711016{padding-right: 0px !important;padding-left: 0px !important;}\u00bb][vc_single_image image=\u00bb13440&#8243; img_size=\u00bb48&#215;48&#8243; alignment=\u00bbcenter\u00bb css=\u00bb\u00bb el_class=\u00bbimg_feature_enterprice\u00bb]<div id=\"ultimate-heading-612669d4d18e01959\" class=\"uvc-heading ult-adjust-bottom-margin ultimate-heading-612669d4d18e01959 uvc-5852 dreveal-enterprice-feature uvc-heading-default-font-sizes\" data-hspacer=\"no_spacer\"  data-halign=\"center\" style=\"text-align:center\"><div class=\"uvc-heading-spacer no_spacer\" style=\"top\"><\/div><div class=\"uvc-main-heading ult-responsive\"  data-ultimate-target='.uvc-heading.ultimate-heading-612669d4d18e01959 h4'  data-responsive-json-new='{\"font-size\":\"\",\"line-height\":\"\"}' ><h4 style=\"--font-weight:theme;margin-top:5%;\">Organizar<\/h4><\/div><div class=\"uvc-sub-heading ult-responsive\"  data-ultimate-target='.uvc-heading.ultimate-heading-612669d4d18e01959 .uvc-sub-heading '  data-responsive-json-new='{\"font-size\":\"\",\"line-height\":\"\"}'  style=\"font-weight:normal;\"><\/p>\n<p style=\"text-align: center;\">Organice sus reportes<br \/>\nen categor\u00edas y proyectos para<br \/>\nun acceso r\u00e1pido y eficiente.<\/p>\n<p><\/div><\/div>[\/vc_column_inner][vc_column_inner el_class=\u00bbcontainer_feature_cubo\u00bb width=\u00bb1\/5&#8243; css=\u00bb.vc_custom_1761330721071{padding-right: 0px !important;padding-left: 0px !important;}\u00bb][vc_single_image image=\u00bb13442&#8243; img_size=\u00bb48&#215;48&#8243; alignment=\u00bbcenter\u00bb css=\u00bb\u00bb el_class=\u00bbimg_feature_enterprice\u00bb]<div id=\"ultimate-heading-466669d4d18e01997\" class=\"uvc-heading ult-adjust-bottom-margin ultimate-heading-466669d4d18e01997 uvc-6458 dreveal-enterprice-feature uvc-heading-default-font-sizes\" data-hspacer=\"no_spacer\"  data-halign=\"center\" style=\"text-align:center\"><div class=\"uvc-heading-spacer no_spacer\" style=\"top\"><\/div><div class=\"uvc-main-heading ult-responsive\"  data-ultimate-target='.uvc-heading.ultimate-heading-466669d4d18e01997 h4'  data-responsive-json-new='{\"font-size\":\"\",\"line-height\":\"\"}' ><h4 style=\"--font-weight:theme;margin-top:5%;\">Programar<\/h4><\/div><div class=\"uvc-sub-heading ult-responsive\"  data-ultimate-target='.uvc-heading.ultimate-heading-466669d4d18e01997 .uvc-sub-heading '  data-responsive-json-new='{\"font-size\":\"\",\"line-height\":\"\"}'  style=\"font-weight:normal;\"><\/p>\n<p style=\"text-align: center;\">Programe la generaci\u00f3n autom\u00e1tica<br \/>\nde reportes seg\u00fan<br \/>\nsus necesidades.<\/p>\n<p><\/div><\/div>[\/vc_column_inner][\/vc_row_inner][vc_raw_html css=\u00bb.vc_custom_1761227648001{background-color: #ECF4F6 !important;}\u00bb]W0NvbnRhY3QtZG93bmxvYWQtRG93bmRvYWQtRW50ZXJwcmlzZV0KCg==[\/vc_raw_html][\/vc_column][\/vc_row]<\/p>\n<\/div>","protected":false},"excerpt":{"rendered":"<p>[vc_row full_width=\u00bbstretch_row_content\u00bb equal_height=\u00bbyes\u00bb content_placement=\u00bbmiddle\u00bb bg_type=\u00bbbg_color\u00bb bg_color_value=\u00bb#ECF4F6&#8243; css=\u00bb.vc_custom_1761229147406{padding-bottom: 5% !important;}\u00bb][vc_column el_class=\u00bbpage_builder\u00bb css=\u00bb.vc_custom_1760971131652{background-color: #ECF4F6 !important;}\u00bb][vc_row_inner content_placement=\u00bbmiddle\u00bb el_class=\u00bbcontainer-row-main-enterprice\u00bb css=\u00bb.vc_custom_1761334677636{padding-top: 2% !important;padding-bottom: 2% !important;}\u00bb][vc_column_inner el_class=\u00bbcontainer_feature_cubo\u00bb width=\u00bb1\/5&#8243; css=\u00bb.vc_custom_1761330693241{padding-right: 0px !important;padding-left: 0px !important;}\u00bb][vc_single_image image=\u00bb13436&#8243; img_size=\u00bb48&#215;48&#8243; alignment=\u00bbcenter\u00bb css=\u00bb\u00bb el_class=\u00bbimg_feature_enterprice\u00bb][\/vc_column_inner][vc_column_inner el_class=\u00bbcontainer_feature_cubo\u00bb width=\u00bb1\/5&#8243; css=\u00bb.vc_custom_1761330701369{padding-right: 0px !important;padding-left: 0px !important;}\u00bb][vc_single_image image=\u00bb13438&#8243; img_size=\u00bb48&#215;48&#8243; alignment=\u00bbcenter\u00bb css=\u00bb\u00bb el_class=\u00bbimg_feature_enterprice\u00bb][\/vc_column_inner][vc_column_inner el_class=\u00bbcontainer_feature_cubo\u00bb width=\u00bb1\/5&#8243; css=\u00bb.vc_custom_1761330711016{padding-right: 0px !important;padding-left: 0px !important;}\u00bb][vc_single_image image=\u00bb13440&#8243; img_size=\u00bb48&#215;48&#8243; alignment=\u00bbcenter\u00bb css=\u00bb\u00bb&hellip;<\/p>\n","protected":false},"author":7,"featured_media":0,"parent":0,"menu_order":0,"comment_status":"closed","ping_status":"closed","template":"","meta":{"footnotes":""},"class_list":["post-10001","page","type-page","status-publish","hentry","description-off"],"yoast_head":"<!-- This site is optimized with the Yoast SEO Premium plugin v27.2 (Yoast SEO v27.2) - https:\/\/yoast.com\/product\/yoast-seo-premium-wordpress\/ -->\n<title>Descargar dReveal Enterprise | Audit reports &amp; Dashboards<\/title>\n<meta name=\"description\" content=\"Descargar dReveal Enterprise - Una potente soluci\u00f3n de generaci\u00f3n de reportes para empresas. Concentrador centralizado, ajustes de seguridad personalizables y f\u00e1cil implantaci\u00f3n\" \/>\n<meta name=\"robots\" content=\"index, follow, max-snippet:-1, max-image-preview:large, max-video-preview:-1\" \/>\n<link rel=\"canonical\" href=\"https:\/\/dreveal.com\/es\/descargar-dreveal-enterprise\/\" \/>\n<meta property=\"og:locale\" content=\"es_ES\" \/>\n<meta property=\"og:type\" content=\"article\" \/>\n<meta property=\"og:title\" content=\"Descargar dReveal Enterprise | Audit reports &amp; Dashboards\" \/>\n<meta property=\"og:description\" content=\"Descargar dReveal Enterprise - Una potente soluci\u00f3n de generaci\u00f3n de reportes para empresas. Concentrador centralizado, ajustes de seguridad personalizables y f\u00e1cil implantaci\u00f3n\" \/>\n<meta property=\"og:url\" content=\"https:\/\/dreveal.com\/es\/descargar-dreveal-enterprise\/\" \/>\n<meta property=\"og:site_name\" content=\"Audit reports &amp; Dashboards\" \/>\n<meta property=\"article:modified_time\" content=\"2025-10-24T19:45:25+00:00\" \/>\n<meta name=\"twitter:card\" content=\"summary_large_image\" \/>\n<meta name=\"twitter:label1\" content=\"Tiempo de lectura\" \/>\n\t<meta name=\"twitter:data1\" content=\"2 minutos\" \/>\n<script type=\"application\/ld+json\" class=\"yoast-schema-graph\">{\"@context\":\"https:\/\/schema.org\",\"@graph\":[{\"@type\":\"WebPage\",\"@id\":\"https:\/\/dreveal.com\/es\/descargar-dreveal-enterprise\/\",\"url\":\"https:\/\/dreveal.com\/es\/descargar-dreveal-enterprise\/\",\"name\":\"Descargar dReveal Enterprise | Audit reports &amp; Dashboards\",\"isPartOf\":{\"@id\":\"https:\/\/dreveal.com\/es\/#website\"},\"datePublished\":\"2024-11-27T20:01:44+00:00\",\"dateModified\":\"2025-10-24T19:45:25+00:00\",\"description\":\"Descargar dReveal Enterprise - Una potente soluci\u00f3n de generaci\u00f3n de reportes para empresas. Concentrador centralizado, ajustes de seguridad personalizables y f\u00e1cil implantaci\u00f3n\",\"inLanguage\":\"es\",\"potentialAction\":[{\"@type\":\"ReadAction\",\"target\":[\"https:\/\/dreveal.com\/es\/descargar-dreveal-enterprise\/\"]}]},{\"@type\":\"WebSite\",\"@id\":\"https:\/\/dreveal.com\/es\/#website\",\"url\":\"https:\/\/dreveal.com\/es\/\",\"name\":\"dReveal | Data Analysis Tools, Discover the power of your data\",\"description\":\"Software applications &amp; web components specialized in audit reports &amp; dashboards\",\"potentialAction\":[{\"@type\":\"SearchAction\",\"target\":{\"@type\":\"EntryPoint\",\"urlTemplate\":\"https:\/\/dreveal.com\/es\/?s={search_term_string}\"},\"query-input\":{\"@type\":\"PropertyValueSpecification\",\"valueRequired\":true,\"valueName\":\"search_term_string\"}}],\"inLanguage\":\"es\"}]}<\/script>\n<!-- \/ Yoast SEO Premium plugin. -->","yoast_head_json":{"title":"Descargar dReveal Enterprise | Audit reports &amp; Dashboards","description":"Descargar dReveal Enterprise - Una potente soluci\u00f3n de generaci\u00f3n de reportes para empresas. Concentrador centralizado, ajustes de seguridad personalizables y f\u00e1cil implantaci\u00f3n","robots":{"index":"index","follow":"follow","max-snippet":"max-snippet:-1","max-image-preview":"max-image-preview:large","max-video-preview":"max-video-preview:-1"},"canonical":"https:\/\/dreveal.com\/es\/descargar-dreveal-enterprise\/","og_locale":"es_ES","og_type":"article","og_title":"Descargar dReveal Enterprise | Audit reports &amp; Dashboards","og_description":"Descargar dReveal Enterprise - Una potente soluci\u00f3n de generaci\u00f3n de reportes para empresas. Concentrador centralizado, ajustes de seguridad personalizables y f\u00e1cil implantaci\u00f3n","og_url":"https:\/\/dreveal.com\/es\/descargar-dreveal-enterprise\/","og_site_name":"Audit reports &amp; Dashboards","article_modified_time":"2025-10-24T19:45:25+00:00","twitter_card":"summary_large_image","twitter_misc":{"Tiempo de lectura":"2 minutos"},"schema":{"@context":"https:\/\/schema.org","@graph":[{"@type":"WebPage","@id":"https:\/\/dreveal.com\/es\/descargar-dreveal-enterprise\/","url":"https:\/\/dreveal.com\/es\/descargar-dreveal-enterprise\/","name":"Descargar dReveal Enterprise | Audit reports &amp; Dashboards","isPartOf":{"@id":"https:\/\/dreveal.com\/es\/#website"},"datePublished":"2024-11-27T20:01:44+00:00","dateModified":"2025-10-24T19:45:25+00:00","description":"Descargar dReveal Enterprise - Una potente soluci\u00f3n de generaci\u00f3n de reportes para empresas. Concentrador centralizado, ajustes de seguridad personalizables y f\u00e1cil implantaci\u00f3n","inLanguage":"es","potentialAction":[{"@type":"ReadAction","target":["https:\/\/dreveal.com\/es\/descargar-dreveal-enterprise\/"]}]},{"@type":"WebSite","@id":"https:\/\/dreveal.com\/es\/#website","url":"https:\/\/dreveal.com\/es\/","name":"dReveal | Data Analysis Tools, Discover the power of your data","description":"Software applications &amp; web components specialized in audit reports &amp; dashboards","potentialAction":[{"@type":"SearchAction","target":{"@type":"EntryPoint","urlTemplate":"https:\/\/dreveal.com\/es\/?s={search_term_string}"},"query-input":{"@type":"PropertyValueSpecification","valueRequired":true,"valueName":"search_term_string"}}],"inLanguage":"es"}]}},"_links":{"self":[{"href":"https:\/\/dreveal.com\/es\/wp-json\/wp\/v2\/pages\/10001","targetHints":{"allow":["GET"]}}],"collection":[{"href":"https:\/\/dreveal.com\/es\/wp-json\/wp\/v2\/pages"}],"about":[{"href":"https:\/\/dreveal.com\/es\/wp-json\/wp\/v2\/types\/page"}],"author":[{"embeddable":true,"href":"https:\/\/dreveal.com\/es\/wp-json\/wp\/v2\/users\/7"}],"replies":[{"embeddable":true,"href":"https:\/\/dreveal.com\/es\/wp-json\/wp\/v2\/comments?post=10001"}],"version-history":[{"count":4,"href":"https:\/\/dreveal.com\/es\/wp-json\/wp\/v2\/pages\/10001\/revisions"}],"predecessor-version":[{"id":13472,"href":"https:\/\/dreveal.com\/es\/wp-json\/wp\/v2\/pages\/10001\/revisions\/13472"}],"wp:attachment":[{"href":"https:\/\/dreveal.com\/es\/wp-json\/wp\/v2\/media?parent=10001"}],"curies":[{"name":"wp","href":"https:\/\/api.w.org\/{rel}","templated":true}]}}