{"id":12468,"date":"2025-08-04T15:11:58","date_gmt":"2025-08-04T15:11:58","guid":{"rendered":"https:\/\/dreveal.com\/politica-de-privacidad-2\/"},"modified":"2025-08-04T18:20:17","modified_gmt":"2025-08-04T18:20:17","slug":"politica-de-privacidad","status":"publish","type":"page","link":"https:\/\/dreveal.com\/es\/politica-de-privacidad\/","title":{"rendered":"Pol\u00edtica de privacidad"},"content":{"rendered":"<div class=\"wpb-content-wrapper\"><p>[vc_row full_width=\u00bbstretch_row\u00bb enable_overlay=\u00bbenable_overlay_value\u00bb overlay_color=\u00bbrgba(0,0,0,0.6)\u00bb overlay_pattern=\u00bbtransperant\u00bb][vc_column][vc_row_inner el_class=\u00bbdr-box-shadow\u00bb css=\u00bb.vc_custom_1711397152014{margin-top: 5% !important;margin-bottom: 5% !important;padding-right: 3% !important;padding-bottom: 5.7% !important;padding-left: 3% !important;}\u00bb][vc_column_inner]<div id=\"ultimate-heading-557069ea5b2457472\" class=\"uvc-heading ult-adjust-bottom-margin ultimate-heading-557069ea5b2457472 uvc-1808  uvc-heading-default-font-sizes\" data-hspacer=\"no_spacer\"  data-halign=\"center\" style=\"text-align:center\"><div class=\"uvc-heading-spacer no_spacer\" style=\"top\"><\/div><div class=\"uvc-main-heading ult-responsive\"  data-ultimate-target='.uvc-heading.ultimate-heading-557069ea5b2457472 h1'  data-responsive-json-new='{\"font-size\":\"\",\"line-height\":\"\"}' ><h1 style=\"font-family:&#039;Poppins&#039;;font-weight:bold;color:#000000;margin-top:5.5%;margin-bottom:1%;\">Pol\u00edtica de privacidad<\/h1><\/div><\/div>[vc_column_text css=\u00bb\u00bb]<\/p>\n<div class=\"privacy-container\">\n<p>Este sitio web se compromete a proteger la privacidad y la exactitud de la informaci\u00f3n confidencial en la medida de lo posible, con sujeci\u00f3n a las disposiciones de la legislaci\u00f3n estatal y federal. La informaci\u00f3n personal no se comparte de forma activa, salvo en el caso de las leyes que garantizan el acceso p\u00fablico a determinados tipos de informaci\u00f3n, o en respuesta a citaciones u otros instrumentos legales que autorizan el acceso. En particular, no redistribuimos ni vendemos la informaci\u00f3n personal recogida en nuestros servidores web.<\/p>\n<h2>Informaci\u00f3n recogida<\/h2>\n<h3>Datos generales:<\/h3>\n<p>Este sitio no recoge ni recoger\u00e1 ninguna informaci\u00f3n de forma autom\u00e1tica. Todos los datos se recopilan \u00fanicamente a partir de la informaci\u00f3n enviada manualmente a nuestros formularios web por visitantes que otorgan su consentimiento.<\/p>\n<h3>Anal\u00edtica:<\/h3>\n<p>Utilizamos servicios de an\u00e1lisis (incluyendo, entre otros, Google Analytics) para ayudar a analizar c\u00f3mo los usuarios utilizan el Sitio. Los servicios de an\u00e1lisis utilizan cookies para recopilar informaci\u00f3n como la frecuencia con la que los usuarios visitan el sitio y utilizamos la informaci\u00f3n para mejorar nuestro sitio y nuestros servicios. La capacidad de los servicios de anal\u00edtica para utilizar y compartir la informaci\u00f3n que recopilan est\u00e1 limitada por sus t\u00e9rminos de uso y pol\u00edtica de privacidad, a los cuales debe remitirse para obtener m\u00e1s informaci\u00f3n sobre c\u00f3mo estas entidades utilizan dicha informaci\u00f3n<\/p>\n<h3>Cookies:<\/h3>\n<p>Este sitio web no utiliza cookies en su p\u00e1gina web para la recogida de datos.<\/p>\n<h3>Cookies de terceros:<\/h3>\n<p>Este sitio web no utiliza cookies de terceros. Este sitio web fue creado utilizando WordPress, el cual puede emplear cookies para sus propios fines de rendimiento y diversas funciones operativas. Este sitio web no revisa, controla ni supervisa las pr\u00e1cticas de privacidad de los sitios web o navegadores operados por terceros.<\/p>\n<h3>Webforms:<\/h3>\n<p>Este sitio web utiliza formularios web. Estos formularios requieren que los usuarios den la siguiente informaci\u00f3n de contacto:<\/p>\n<ul class=\"privacy-list\">\n<li>Nombre completo<\/li>\n<li>Correo electr\u00f3nico de empresa<\/li>\n<li>Nombre de la empresa<\/li>\n<\/ul>\n<p><span style=\"margin-top: 10px;\"><br \/>\nLa informaci\u00f3n de contacto de este formulario s\u00f3lo se utilizar\u00e1 para enviar material y\/o informaci\u00f3n relacionada con nuestros productos para los que se recogi\u00f3. Esta informaci\u00f3n no ser\u00e1 compartida ni vendida a otras partes.<br \/>\n<\/span><\/p>\n<h2>Uso de la informaci\u00f3n recopilada<\/h2>\n<p>Este sitio web s\u00f3lo utilizar\u00e1 la informaci\u00f3n personal recopilada desde este sitio, a trav\u00e9s de formularios web, con el fin de comunicarse con las personas que se pongan en contacto con nosotros a trav\u00e9s del sitio.<\/p>\n<h3>Distribuci\u00f3n de la informaci\u00f3n recogida:<\/h3>\n<ul class=\"privacy-list\">\n<li>Este sitio web no divulgar\u00e1 ninguna informaci\u00f3n personal recopilada, salvo en determinadas circunstancias expl\u00edcitas en las que la ley exige su divulgaci\u00f3n.<\/li>\n<li>Este sitio web no distribuye ni distribuir\u00e1, ni vender\u00e1, informaci\u00f3n personal a terceros.<\/li>\n<\/ul>\n<h3>Responsabilidad de los sitios externos:<\/h3>\n<p>Este sitio web puede contener enlaces a otros sitios web. Algunos de esos sitios web pueden ser operados por terceros partes. Nosotros proporcionamos los enlaces para su conveniencia, pero nosotros no no revisamos, controlamos, o supervisamos la privacidad pr\u00e1cticas de sitios web operados por otros.<\/p>\n<p>Este sitio web no asume ninguna responsabilidad por el rendimiento de dichos sitios web de terceros ni por sus transacciones comerciales con ellos, y recomienda que revise de manera independiente la adecuaci\u00f3n de sus respectivas pol\u00edticas y pr\u00e1cticas.<\/p>\n<h2>Revisiones de la declaraci\u00f3n de privacidad:<\/h2>\n<p>Esta Privacidad Declaraci\u00f3n fue \u00faltima revisada el 22 de marzo de 2024. Nosotros nos reservamos el derecho a modificar y\/o cambiar este Privacidad Declaraci\u00f3n en cualquier momento y. le animamos a que revise esto Privacidad Declaraci\u00f3n cada vez que usted visite el sitio web.<\/p>\n<p>Para garantizar la transparencia &#8211; En caso de que se produzcan cambios significativos en nuestra Declaraci\u00f3n de Privacidad, se publicar\u00e1 un anuncio claro durante un tiempo en la p\u00e1gina de inicio de nuestro sitio web.<\/p>\n<\/div>\n<p>[\/vc_column_text][\/vc_column_inner][\/vc_row_inner][\/vc_column][\/vc_row]<\/p>\n<\/div>","protected":false},"excerpt":{"rendered":"<p>[vc_row full_width=\u00bbstretch_row\u00bb enable_overlay=\u00bbenable_overlay_value\u00bb overlay_color=\u00bbrgba(0,0,0,0.6)\u00bb overlay_pattern=\u00bbtransperant\u00bb][vc_column][vc_row_inner el_class=\u00bbdr-box-shadow\u00bb css=\u00bb.vc_custom_1711397152014{margin-top: 5% !important;margin-bottom: 5% !important;padding-right: 3% !important;padding-bottom: 5.7% !important;padding-left: 3% !important;}\u00bb][vc_column_inner][vc_column_text css=\u00bb\u00bb] Este sitio web se compromete a proteger la privacidad y la exactitud de la informaci\u00f3n confidencial en la medida de lo posible, con sujeci\u00f3n a las disposiciones de la legislaci\u00f3n estatal y federal. La informaci\u00f3n personal no&hellip;<\/p>\n","protected":false},"author":7,"featured_media":0,"parent":0,"menu_order":0,"comment_status":"closed","ping_status":"closed","template":"","meta":{"footnotes":""},"class_list":["post-12468","page","type-page","status-publish","hentry","description-off"],"yoast_head":"<!-- This site is optimized with the Yoast SEO Premium plugin v27.2 (Yoast SEO v27.2) - https:\/\/yoast.com\/product\/yoast-seo-premium-wordpress\/ -->\n<title>Pol\u00edtica de privacidad | Audit reports &amp; Dashboards<\/title>\n<meta name=\"description\" content=\"dReveal es una colecci\u00f3n de etiquetas etiquetas de software aplicaciones y web componentes, especializados en visualizaci\u00f3n personalizable interna auditor\u00eda informes.\" \/>\n<meta name=\"robots\" content=\"index, follow, max-snippet:-1, max-image-preview:large, max-video-preview:-1\" \/>\n<link rel=\"canonical\" href=\"https:\/\/dreveal.com\/es\/politica-de-privacidad\/\" \/>\n<meta property=\"og:locale\" content=\"es_ES\" \/>\n<meta property=\"og:type\" content=\"article\" \/>\n<meta property=\"og:title\" content=\"Pol\u00edtica de privacidad | Audit reports &amp; Dashboards\" \/>\n<meta property=\"og:description\" content=\"dReveal es una colecci\u00f3n de etiquetas etiquetas de software aplicaciones y web componentes, especializados en visualizaci\u00f3n personalizable interna auditor\u00eda informes.\" \/>\n<meta property=\"og:url\" content=\"https:\/\/dreveal.com\/es\/politica-de-privacidad\/\" \/>\n<meta property=\"og:site_name\" content=\"Audit reports &amp; Dashboards\" \/>\n<meta property=\"article:modified_time\" content=\"2025-08-04T18:20:17+00:00\" \/>\n<meta name=\"twitter:card\" content=\"summary_large_image\" \/>\n<meta name=\"twitter:label1\" content=\"Tiempo de lectura\" \/>\n\t<meta name=\"twitter:data1\" content=\"4 minutos\" \/>\n<script type=\"application\/ld+json\" class=\"yoast-schema-graph\">{\"@context\":\"https:\/\/schema.org\",\"@graph\":[{\"@type\":\"WebPage\",\"@id\":\"https:\/\/dreveal.com\/es\/politica-de-privacidad\/\",\"url\":\"https:\/\/dreveal.com\/es\/politica-de-privacidad\/\",\"name\":\"Pol\u00edtica de privacidad | Audit reports &amp; Dashboards\",\"isPartOf\":{\"@id\":\"https:\/\/dreveal.com\/es\/#website\"},\"datePublished\":\"2025-08-04T15:11:58+00:00\",\"dateModified\":\"2025-08-04T18:20:17+00:00\",\"description\":\"dReveal es una colecci\u00f3n de etiquetas etiquetas de software aplicaciones y web componentes, especializados en visualizaci\u00f3n personalizable interna auditor\u00eda informes.\",\"inLanguage\":\"es\",\"potentialAction\":[{\"@type\":\"ReadAction\",\"target\":[\"https:\/\/dreveal.com\/es\/politica-de-privacidad\/\"]}]},{\"@type\":\"WebSite\",\"@id\":\"https:\/\/dreveal.com\/es\/#website\",\"url\":\"https:\/\/dreveal.com\/es\/\",\"name\":\"dReveal | Data Analysis Tools, Discover the power of your data\",\"description\":\"Software applications &amp; web components specialized in audit reports &amp; dashboards\",\"potentialAction\":[{\"@type\":\"SearchAction\",\"target\":{\"@type\":\"EntryPoint\",\"urlTemplate\":\"https:\/\/dreveal.com\/es\/?s={search_term_string}\"},\"query-input\":{\"@type\":\"PropertyValueSpecification\",\"valueRequired\":true,\"valueName\":\"search_term_string\"}}],\"inLanguage\":\"es\"}]}<\/script>\n<!-- \/ Yoast SEO Premium plugin. -->","yoast_head_json":{"title":"Pol\u00edtica de privacidad | Audit reports &amp; Dashboards","description":"dReveal es una colecci\u00f3n de etiquetas etiquetas de software aplicaciones y web componentes, especializados en visualizaci\u00f3n personalizable interna auditor\u00eda informes.","robots":{"index":"index","follow":"follow","max-snippet":"max-snippet:-1","max-image-preview":"max-image-preview:large","max-video-preview":"max-video-preview:-1"},"canonical":"https:\/\/dreveal.com\/es\/politica-de-privacidad\/","og_locale":"es_ES","og_type":"article","og_title":"Pol\u00edtica de privacidad | Audit reports &amp; Dashboards","og_description":"dReveal es una colecci\u00f3n de etiquetas etiquetas de software aplicaciones y web componentes, especializados en visualizaci\u00f3n personalizable interna auditor\u00eda informes.","og_url":"https:\/\/dreveal.com\/es\/politica-de-privacidad\/","og_site_name":"Audit reports &amp; Dashboards","article_modified_time":"2025-08-04T18:20:17+00:00","twitter_card":"summary_large_image","twitter_misc":{"Tiempo de lectura":"4 minutos"},"schema":{"@context":"https:\/\/schema.org","@graph":[{"@type":"WebPage","@id":"https:\/\/dreveal.com\/es\/politica-de-privacidad\/","url":"https:\/\/dreveal.com\/es\/politica-de-privacidad\/","name":"Pol\u00edtica de privacidad | Audit reports &amp; Dashboards","isPartOf":{"@id":"https:\/\/dreveal.com\/es\/#website"},"datePublished":"2025-08-04T15:11:58+00:00","dateModified":"2025-08-04T18:20:17+00:00","description":"dReveal es una colecci\u00f3n de etiquetas etiquetas de software aplicaciones y web componentes, especializados en visualizaci\u00f3n personalizable interna auditor\u00eda informes.","inLanguage":"es","potentialAction":[{"@type":"ReadAction","target":["https:\/\/dreveal.com\/es\/politica-de-privacidad\/"]}]},{"@type":"WebSite","@id":"https:\/\/dreveal.com\/es\/#website","url":"https:\/\/dreveal.com\/es\/","name":"dReveal | Data Analysis Tools, Discover the power of your data","description":"Software applications &amp; web components specialized in audit reports &amp; dashboards","potentialAction":[{"@type":"SearchAction","target":{"@type":"EntryPoint","urlTemplate":"https:\/\/dreveal.com\/es\/?s={search_term_string}"},"query-input":{"@type":"PropertyValueSpecification","valueRequired":true,"valueName":"search_term_string"}}],"inLanguage":"es"}]}},"_links":{"self":[{"href":"https:\/\/dreveal.com\/es\/wp-json\/wp\/v2\/pages\/12468","targetHints":{"allow":["GET"]}}],"collection":[{"href":"https:\/\/dreveal.com\/es\/wp-json\/wp\/v2\/pages"}],"about":[{"href":"https:\/\/dreveal.com\/es\/wp-json\/wp\/v2\/types\/page"}],"author":[{"embeddable":true,"href":"https:\/\/dreveal.com\/es\/wp-json\/wp\/v2\/users\/7"}],"replies":[{"embeddable":true,"href":"https:\/\/dreveal.com\/es\/wp-json\/wp\/v2\/comments?post=12468"}],"version-history":[{"count":4,"href":"https:\/\/dreveal.com\/es\/wp-json\/wp\/v2\/pages\/12468\/revisions"}],"predecessor-version":[{"id":12479,"href":"https:\/\/dreveal.com\/es\/wp-json\/wp\/v2\/pages\/12468\/revisions\/12479"}],"wp:attachment":[{"href":"https:\/\/dreveal.com\/es\/wp-json\/wp\/v2\/media?parent=12468"}],"curies":[{"name":"wp","href":"https:\/\/api.w.org\/{rel}","templated":true}]}}