{"id":13082,"date":"2025-10-03T15:15:36","date_gmt":"2025-10-03T15:15:36","guid":{"rendered":"https:\/\/dreveal.com\/calculadora-de-precios-de-productos\/"},"modified":"2025-11-05T13:47:51","modified_gmt":"2025-11-05T13:47:51","slug":"calculadora-de-precios-de-productos","status":"publish","type":"page","link":"https:\/\/dreveal.com\/es\/calculadora-de-precios-de-productos\/","title":{"rendered":"Calculadora de precios de productos"},"content":{"rendered":"<div class=\"wpb-content-wrapper\"><p>[vc_row full_width=\u00bbstretch_row_content\u00bb equal_height=\u00bbyes\u00bb content_placement=\u00bbmiddle\u00bb bg_type=\u00bbbg_color\u00bb el_class=\u00bbunclock_session\u00bb bg_color_value=\u00bb#ffffff\u00bb css=\u00bb.vc_custom_1762349939831{padding-bottom: 5% !important;}\u00bb][vc_column el_class=\u00bbdonwload_column_one\u00bb]<div id=\"ultimate-heading-417669d0caea60a1d\" class=\"uvc-heading ult-adjust-bottom-margin ultimate-heading-417669d0caea60a1d uvc-7356 titulo_text_calculator uvc-heading-default-font-sizes\" data-hspacer=\"no_spacer\"  data-halign=\"left\" style=\"text-align:left\"><div class=\"uvc-heading-spacer no_spacer\" style=\"top\"><\/div><div class=\"uvc-main-heading ult-responsive\"  data-ultimate-target='.uvc-heading.ultimate-heading-417669d0caea60a1d h2'  data-responsive-json-new='{\"font-size\":\"\",\"line-height\":\"\"}' ><h2 style=\"font-family:&#039;Poppins&#039;;font-weight:normal;font-style:normal;color:#00000000;\">Calculadora de Precios dReveal<\/h2><\/div><div class=\"uvc-sub-heading ult-responsive\"  data-ultimate-target='.uvc-heading.ultimate-heading-417669d0caea60a1d .uvc-sub-heading '  data-responsive-json-new='{\"font-size\":\"\",\"line-height\":\"\"}'  style=\"font-family:&#039;Poppins&#039;;font-weight:900;color:#00000000;margin-bottom:2%;\"><\/p>\n<p style=\"text-align: center;\">Descubre el costo exacto para tu empresa y<\/p>\n<p style=\"text-align: center;\">compara con otras soluciones de Business Intelligence<\/p>\n<p><\/div><\/div>[vc_raw_html css=\u00bb\u00bb]W2RyZXZlYWxfY29uZmlnXQpbZHJldmVhbF9tb2RhbF0=[\/vc_raw_html]<div id=\"ultimate-heading-948569d0caea60af6\" class=\"uvc-heading ult-adjust-bottom-margin ultimate-heading-948569d0caea60af6 uvc-8903 titulo_text_calculator uvc-heading-default-font-sizes\" data-hspacer=\"no_spacer\"  data-halign=\"left\" style=\"text-align:left\"><div class=\"uvc-heading-spacer no_spacer\" style=\"top\"><\/div><div class=\"uvc-main-heading ult-responsive\"  data-ultimate-target='.uvc-heading.ultimate-heading-948569d0caea60af6 h2'  data-responsive-json-new='{\"font-size\":\"\",\"line-height\":\"\"}' ><h2 style=\"font-family:&#039;Poppins&#039;;font-weight:normal;font-style:normal;color:#00000000;\">Comparaci\u00f3n de Costos Anual<\/h2><\/div><\/div>[vc_raw_html css=\u00bb\u00bb]W2RyZXZlYWxfY29tcGFyZV0=[\/vc_raw_html][\/vc_column][\/vc_row]<\/p>\n<\/div>","protected":false},"excerpt":{"rendered":"<p>[vc_row full_width=\u00bbstretch_row_content\u00bb equal_height=\u00bbyes\u00bb content_placement=\u00bbmiddle\u00bb bg_type=\u00bbbg_color\u00bb el_class=\u00bbunclock_session\u00bb bg_color_value=\u00bb#ffffff\u00bb css=\u00bb.vc_custom_1762349939831{padding-bottom: 5% !important;}\u00bb][vc_column el_class=\u00bbdonwload_column_one\u00bb][vc_raw_html css=\u00bb\u00bb]W2RyZXZlYWxfY29uZmlnXQpbZHJldmVhbF9tb2RhbF0=[\/vc_raw_html][vc_raw_html css=\u00bb\u00bb]W2RyZXZlYWxfY29tcGFyZV0=[\/vc_raw_html][\/vc_column][\/vc_row]<\/p>\n","protected":false},"author":7,"featured_media":0,"parent":0,"menu_order":0,"comment_status":"closed","ping_status":"closed","template":"","meta":{"footnotes":""},"class_list":["post-13082","page","type-page","status-publish","hentry","description-off"],"yoast_head":"<!-- This site is optimized with the Yoast SEO Premium plugin v27.2 (Yoast SEO v27.2) - https:\/\/yoast.com\/product\/yoast-seo-premium-wordpress\/ -->\n<title>Calculadora de precios de productos | Audit reports &amp; Dashboards<\/title>\n<meta name=\"description\" content=\"Descargar dReveal Enterprise - Una potente soluci\u00f3n de generaci\u00f3n de reportes para empresas. Concentrador centralizado, ajustes de seguridad personalizables y f\u00e1cil implantaci\u00f3n\" \/>\n<meta name=\"robots\" content=\"index, follow, max-snippet:-1, max-image-preview:large, max-video-preview:-1\" \/>\n<link rel=\"canonical\" href=\"https:\/\/dreveal.com\/es\/calculadora-de-precios-de-productos\/\" \/>\n<meta property=\"og:locale\" content=\"es_ES\" \/>\n<meta property=\"og:type\" content=\"article\" \/>\n<meta property=\"og:title\" content=\"Calculadora de precios de productos | Audit reports &amp; Dashboards\" \/>\n<meta property=\"og:description\" content=\"Descargar dReveal Enterprise - Una potente soluci\u00f3n de generaci\u00f3n de reportes para empresas. Concentrador centralizado, ajustes de seguridad personalizables y f\u00e1cil implantaci\u00f3n\" \/>\n<meta property=\"og:url\" content=\"https:\/\/dreveal.com\/es\/calculadora-de-precios-de-productos\/\" \/>\n<meta property=\"og:site_name\" content=\"Audit reports &amp; Dashboards\" \/>\n<meta property=\"article:modified_time\" content=\"2025-11-05T13:47:51+00:00\" \/>\n<meta name=\"twitter:card\" content=\"summary_large_image\" \/>\n<meta name=\"twitter:label1\" content=\"Tiempo de lectura\" \/>\n\t<meta name=\"twitter:data1\" content=\"1 minuto\" \/>\n<script type=\"application\/ld+json\" class=\"yoast-schema-graph\">{\"@context\":\"https:\/\/schema.org\",\"@graph\":[{\"@type\":\"WebPage\",\"@id\":\"https:\/\/dreveal.com\/es\/calculadora-de-precios-de-productos\/\",\"url\":\"https:\/\/dreveal.com\/es\/calculadora-de-precios-de-productos\/\",\"name\":\"Calculadora de precios de productos | Audit reports &amp; Dashboards\",\"isPartOf\":{\"@id\":\"https:\/\/dreveal.com\/es\/#website\"},\"datePublished\":\"2025-10-03T15:15:36+00:00\",\"dateModified\":\"2025-11-05T13:47:51+00:00\",\"description\":\"Descargar dReveal Enterprise - Una potente soluci\u00f3n de generaci\u00f3n de reportes para empresas. Concentrador centralizado, ajustes de seguridad personalizables y f\u00e1cil implantaci\u00f3n\",\"inLanguage\":\"es\",\"potentialAction\":[{\"@type\":\"ReadAction\",\"target\":[\"https:\/\/dreveal.com\/es\/calculadora-de-precios-de-productos\/\"]}]},{\"@type\":\"WebSite\",\"@id\":\"https:\/\/dreveal.com\/es\/#website\",\"url\":\"https:\/\/dreveal.com\/es\/\",\"name\":\"dReveal | Data Analysis Tools, Discover the power of your data\",\"description\":\"Software applications &amp; web components specialized in audit reports &amp; dashboards\",\"potentialAction\":[{\"@type\":\"SearchAction\",\"target\":{\"@type\":\"EntryPoint\",\"urlTemplate\":\"https:\/\/dreveal.com\/es\/?s={search_term_string}\"},\"query-input\":{\"@type\":\"PropertyValueSpecification\",\"valueRequired\":true,\"valueName\":\"search_term_string\"}}],\"inLanguage\":\"es\"}]}<\/script>\n<!-- \/ Yoast SEO Premium plugin. -->","yoast_head_json":{"title":"Calculadora de precios de productos | Audit reports &amp; Dashboards","description":"Descargar dReveal Enterprise - Una potente soluci\u00f3n de generaci\u00f3n de reportes para empresas. Concentrador centralizado, ajustes de seguridad personalizables y f\u00e1cil implantaci\u00f3n","robots":{"index":"index","follow":"follow","max-snippet":"max-snippet:-1","max-image-preview":"max-image-preview:large","max-video-preview":"max-video-preview:-1"},"canonical":"https:\/\/dreveal.com\/es\/calculadora-de-precios-de-productos\/","og_locale":"es_ES","og_type":"article","og_title":"Calculadora de precios de productos | Audit reports &amp; Dashboards","og_description":"Descargar dReveal Enterprise - Una potente soluci\u00f3n de generaci\u00f3n de reportes para empresas. Concentrador centralizado, ajustes de seguridad personalizables y f\u00e1cil implantaci\u00f3n","og_url":"https:\/\/dreveal.com\/es\/calculadora-de-precios-de-productos\/","og_site_name":"Audit reports &amp; Dashboards","article_modified_time":"2025-11-05T13:47:51+00:00","twitter_card":"summary_large_image","twitter_misc":{"Tiempo de lectura":"1 minuto"},"schema":{"@context":"https:\/\/schema.org","@graph":[{"@type":"WebPage","@id":"https:\/\/dreveal.com\/es\/calculadora-de-precios-de-productos\/","url":"https:\/\/dreveal.com\/es\/calculadora-de-precios-de-productos\/","name":"Calculadora de precios de productos | Audit reports &amp; Dashboards","isPartOf":{"@id":"https:\/\/dreveal.com\/es\/#website"},"datePublished":"2025-10-03T15:15:36+00:00","dateModified":"2025-11-05T13:47:51+00:00","description":"Descargar dReveal Enterprise - Una potente soluci\u00f3n de generaci\u00f3n de reportes para empresas. Concentrador centralizado, ajustes de seguridad personalizables y f\u00e1cil implantaci\u00f3n","inLanguage":"es","potentialAction":[{"@type":"ReadAction","target":["https:\/\/dreveal.com\/es\/calculadora-de-precios-de-productos\/"]}]},{"@type":"WebSite","@id":"https:\/\/dreveal.com\/es\/#website","url":"https:\/\/dreveal.com\/es\/","name":"dReveal | Data Analysis Tools, Discover the power of your data","description":"Software applications &amp; web components specialized in audit reports &amp; dashboards","potentialAction":[{"@type":"SearchAction","target":{"@type":"EntryPoint","urlTemplate":"https:\/\/dreveal.com\/es\/?s={search_term_string}"},"query-input":{"@type":"PropertyValueSpecification","valueRequired":true,"valueName":"search_term_string"}}],"inLanguage":"es"}]}},"_links":{"self":[{"href":"https:\/\/dreveal.com\/es\/wp-json\/wp\/v2\/pages\/13082","targetHints":{"allow":["GET"]}}],"collection":[{"href":"https:\/\/dreveal.com\/es\/wp-json\/wp\/v2\/pages"}],"about":[{"href":"https:\/\/dreveal.com\/es\/wp-json\/wp\/v2\/types\/page"}],"author":[{"embeddable":true,"href":"https:\/\/dreveal.com\/es\/wp-json\/wp\/v2\/users\/7"}],"replies":[{"embeddable":true,"href":"https:\/\/dreveal.com\/es\/wp-json\/wp\/v2\/comments?post=13082"}],"version-history":[{"count":4,"href":"https:\/\/dreveal.com\/es\/wp-json\/wp\/v2\/pages\/13082\/revisions"}],"predecessor-version":[{"id":13483,"href":"https:\/\/dreveal.com\/es\/wp-json\/wp\/v2\/pages\/13082\/revisions\/13483"}],"wp:attachment":[{"href":"https:\/\/dreveal.com\/es\/wp-json\/wp\/v2\/media?parent=13082"}],"curies":[{"name":"wp","href":"https:\/\/api.w.org\/{rel}","templated":true}]}}