{"id":13114,"date":"2025-10-10T19:12:32","date_gmt":"2025-10-10T19:12:32","guid":{"rendered":"https:\/\/dreveal.com\/aliados-estrategicos-en-innovacion-educativa\/"},"modified":"2025-10-13T19:21:14","modified_gmt":"2025-10-13T19:21:14","slug":"aliados-estrategicos-en-innovacion-educativa","status":"publish","type":"page","link":"https:\/\/dreveal.com\/es\/aliados-estrategicos-en-innovacion-educativa\/","title":{"rendered":"Aliados Estrat\u00e9gicos en Innovaci\u00f3n Educativa"},"content":{"rendered":"<div class=\"wpb-content-wrapper\"><p>[vc_row full_width=\u00bbstretch_row_content\u00bb css=\u00bb.vc_custom_1760126180627{padding-bottom: 3% !important;}\u00bb][vc_column offset=\u00bbvc_col-lg-offset-2 vc_col-lg-8 vc_col-md-offset-1 vc_col-md-10&#8243; css=\u00bb.vc_custom_1760125002406{padding-bottom: 3% !important;}\u00bb]<div class=\"infoarch-section-title-wrapper\"><h2 class=\"infoarch-section-title\">Aliados Estrat\u00e9gicos en <span class=\"infoarch-highlight\">Innovaci\u00f3n<\/span> <span class=\"infoarch-highlight-alt\">Educativa<\/span><\/h2><div class=\"infoarch-section-title-underline\"><\/div><\/div>[vc_column_text css=\u00bb.vc_custom_1760382785895{padding-bottom: 3% !important;}\u00bb]<\/p>\n<div class=\"infoarch-statement\">\n<p>En InfoArch estamos convencidos de que la juventud boliviana merece herramientas de vanguardia.<\/p>\n<p>Por eso unimos fuerzas con una instituci\u00f3n que comparte nuestra visi\u00f3n de formar profesionales preparados para los retos del mundo actual.<\/p>\n<p>Este acuerdo representa un compromiso real con el desarrollo tecnol\u00f3gico y educativo del pa\u00eds.<\/p>\n<p>Con soluciones como dReveal, llevaremos la anal\u00edtica de datos a las aulas, fomentando la innovaci\u00f3n y reforzando el v\u00ednculo entre tecnolog\u00eda y conocimiento.<\/p>\n<p>Agradecemos a las autoridades de la Universidad NUR su confianza y colaboraci\u00f3n.<\/p>\n<p class=\"final-statement\"><strong>El futuro de la educaci\u00f3n se construye con asociaciones que inspiran.<\/strong><\/p>\n<\/div>\n<p>[\/vc_column_text]<div class=\"slider-solo-galery-wrapper\"><div id=\"slider-solo-galery-splide-3774296419\" class=\"splide\" role=\"group\" aria-label=\"Carrusel de Im\u00e1genes\"><div class=\"splide__track\"><ul class=\"splide__list\"><li class=\"splide__slide\"><img loading=\"lazy\" decoding=\"async\" width=\"1200\" height=\"800\" src=\"https:\/\/dreveal.com\/wp-content\/uploads\/2025\/10\/2-info-scaled.webp\" class=\"slider-solo-galery-img\" alt=\"\" srcset=\"https:\/\/dreveal.com\/wp-content\/uploads\/2025\/10\/2-info-scaled.webp 2560w, https:\/\/dreveal.com\/wp-content\/uploads\/2025\/10\/2-info-300x200.webp 300w, https:\/\/dreveal.com\/wp-content\/uploads\/2025\/10\/2-info-768x512.webp 768w, https:\/\/dreveal.com\/wp-content\/uploads\/2025\/10\/2-info-1536x1024.webp 1536w, https:\/\/dreveal.com\/wp-content\/uploads\/2025\/10\/2-info-2048x1365.webp 2048w\" sizes=\"auto, (max-width: 1200px) 100vw, 1200px\" \/><\/li><li class=\"splide__slide\"><img loading=\"lazy\" decoding=\"async\" width=\"1200\" height=\"800\" src=\"https:\/\/dreveal.com\/wp-content\/uploads\/2025\/10\/3-info-scaled.webp\" class=\"slider-solo-galery-img\" alt=\"\" srcset=\"https:\/\/dreveal.com\/wp-content\/uploads\/2025\/10\/3-info-scaled.webp 2560w, https:\/\/dreveal.com\/wp-content\/uploads\/2025\/10\/3-info-300x200.webp 300w, https:\/\/dreveal.com\/wp-content\/uploads\/2025\/10\/3-info-768x512.webp 768w, https:\/\/dreveal.com\/wp-content\/uploads\/2025\/10\/3-info-1536x1024.webp 1536w, https:\/\/dreveal.com\/wp-content\/uploads\/2025\/10\/3-info-2048x1365.webp 2048w\" sizes=\"auto, (max-width: 1200px) 100vw, 1200px\" \/><\/li><li class=\"splide__slide\"><img loading=\"lazy\" decoding=\"async\" width=\"1200\" height=\"800\" src=\"https:\/\/dreveal.com\/wp-content\/uploads\/2025\/10\/4-info-scaled.webp\" class=\"slider-solo-galery-img\" alt=\"\" srcset=\"https:\/\/dreveal.com\/wp-content\/uploads\/2025\/10\/4-info-scaled.webp 2560w, https:\/\/dreveal.com\/wp-content\/uploads\/2025\/10\/4-info-300x200.webp 300w, https:\/\/dreveal.com\/wp-content\/uploads\/2025\/10\/4-info-768x512.webp 768w, https:\/\/dreveal.com\/wp-content\/uploads\/2025\/10\/4-info-1536x1024.webp 1536w, https:\/\/dreveal.com\/wp-content\/uploads\/2025\/10\/4-info-2048x1365.webp 2048w\" sizes=\"auto, (max-width: 1200px) 100vw, 1200px\" \/><\/li><li class=\"splide__slide\"><img loading=\"lazy\" decoding=\"async\" width=\"1200\" height=\"800\" src=\"https:\/\/dreveal.com\/wp-content\/uploads\/2025\/10\/1-info-scaled.webp\" class=\"slider-solo-galery-img\" alt=\"\" srcset=\"https:\/\/dreveal.com\/wp-content\/uploads\/2025\/10\/1-info-scaled.webp 2560w, https:\/\/dreveal.com\/wp-content\/uploads\/2025\/10\/1-info-300x200.webp 300w, https:\/\/dreveal.com\/wp-content\/uploads\/2025\/10\/1-info-768x512.webp 768w, https:\/\/dreveal.com\/wp-content\/uploads\/2025\/10\/1-info-1536x1024.webp 1536w, https:\/\/dreveal.com\/wp-content\/uploads\/2025\/10\/1-info-2048x1365.webp 2048w\" sizes=\"auto, (max-width: 1200px) 100vw, 1200px\" \/><\/li><li class=\"splide__slide\"><img loading=\"lazy\" decoding=\"async\" width=\"1200\" height=\"800\" src=\"https:\/\/dreveal.com\/wp-content\/uploads\/2025\/10\/5-info-scaled.webp\" class=\"slider-solo-galery-img\" alt=\"\" srcset=\"https:\/\/dreveal.com\/wp-content\/uploads\/2025\/10\/5-info-scaled.webp 2560w, https:\/\/dreveal.com\/wp-content\/uploads\/2025\/10\/5-info-300x200.webp 300w, https:\/\/dreveal.com\/wp-content\/uploads\/2025\/10\/5-info-768x512.webp 768w, https:\/\/dreveal.com\/wp-content\/uploads\/2025\/10\/5-info-1536x1024.webp 1536w, https:\/\/dreveal.com\/wp-content\/uploads\/2025\/10\/5-info-2048x1365.webp 2048w\" sizes=\"auto, (max-width: 1200px) 100vw, 1200px\" \/><\/li><li class=\"splide__slide\"><img loading=\"lazy\" decoding=\"async\" width=\"1200\" height=\"800\" src=\"https:\/\/dreveal.com\/wp-content\/uploads\/2025\/10\/6-info-scaled.webp\" class=\"slider-solo-galery-img\" alt=\"\" srcset=\"https:\/\/dreveal.com\/wp-content\/uploads\/2025\/10\/6-info-scaled.webp 2560w, https:\/\/dreveal.com\/wp-content\/uploads\/2025\/10\/6-info-300x200.webp 300w, https:\/\/dreveal.com\/wp-content\/uploads\/2025\/10\/6-info-768x512.webp 768w, https:\/\/dreveal.com\/wp-content\/uploads\/2025\/10\/6-info-1536x1024.webp 1536w, https:\/\/dreveal.com\/wp-content\/uploads\/2025\/10\/6-info-2048x1365.webp 2048w\" sizes=\"auto, (max-width: 1200px) 100vw, 1200px\" \/><\/li><\/ul><\/div><\/div><script>document.addEventListener( \"DOMContentLoaded\", function() {var splide = new Splide( \"#slider-solo-galery-splide-3774296419\", {type: \"loop\",perPage: 2,gap: \"1.5rem\",autoplay: true,interval: 4000,pauseOnHover: true,arrows: true,pagination: false,breakpoints: {768: { perPage: 1, gap: \"1rem\" },1024: { perPage: 2, gap: \"1.5rem\" },}} );splide.mount();} );<\/script><\/div>[\/vc_column][\/vc_row]<\/p>\n<\/div>","protected":false},"excerpt":{"rendered":"<p>[vc_row full_width=\u00bbstretch_row_content\u00bb css=\u00bb.vc_custom_1760126180627{padding-bottom: 3% !important;}\u00bb][vc_column offset=\u00bbvc_col-lg-offset-2 vc_col-lg-8 vc_col-md-offset-1 vc_col-md-10&#8243; css=\u00bb.vc_custom_1760125002406{padding-bottom: 3% !important;}\u00bb][vc_column_text css=\u00bb.vc_custom_1760382785895{padding-bottom: 3% !important;}\u00bb] En InfoArch estamos convencidos de que la juventud boliviana merece herramientas de vanguardia. Por eso unimos fuerzas con una instituci\u00f3n que comparte nuestra visi\u00f3n de formar profesionales preparados para los retos del mundo actual. Este acuerdo representa un compromiso real&hellip;<\/p>\n","protected":false},"author":7,"featured_media":0,"parent":0,"menu_order":0,"comment_status":"closed","ping_status":"closed","template":"","meta":{"footnotes":""},"class_list":["post-13114","page","type-page","status-publish","hentry","description-off"],"yoast_head":"<!-- This site is optimized with the Yoast SEO Premium plugin v27.2 (Yoast SEO v27.2) - https:\/\/yoast.com\/product\/yoast-seo-premium-wordpress\/ -->\n<title>dReveal Lite Installation Guide - Step-by-Step Guide<\/title>\n<meta name=\"description\" content=\"We have signed a strategic Collaboration Agreement with NUR University to drive the digital evolution of higher education.\" \/>\n<meta name=\"robots\" content=\"index, follow, max-snippet:-1, max-image-preview:large, max-video-preview:-1\" \/>\n<link rel=\"canonical\" href=\"https:\/\/dreveal.com\/es\/aliados-estrategicos-en-innovacion-educativa\/\" \/>\n<meta property=\"og:locale\" content=\"es_ES\" \/>\n<meta property=\"og:type\" content=\"article\" \/>\n<meta property=\"og:title\" content=\"dReveal Lite Installation Guide - Step-by-Step Guide\" \/>\n<meta property=\"og:description\" content=\"We have signed a strategic Collaboration Agreement with NUR University to drive the digital evolution of higher education.\" \/>\n<meta property=\"og:url\" content=\"https:\/\/dreveal.com\/es\/aliados-estrategicos-en-innovacion-educativa\/\" \/>\n<meta property=\"og:site_name\" content=\"Audit reports &amp; Dashboards\" \/>\n<meta property=\"article:modified_time\" content=\"2025-10-13T19:21:14+00:00\" \/>\n<meta name=\"twitter:card\" content=\"summary_large_image\" \/>\n<meta name=\"twitter:label1\" content=\"Tiempo de lectura\" \/>\n\t<meta name=\"twitter:data1\" content=\"1 minuto\" \/>\n<script type=\"application\/ld+json\" class=\"yoast-schema-graph\">{\"@context\":\"https:\/\/schema.org\",\"@graph\":[{\"@type\":\"WebPage\",\"@id\":\"https:\/\/dreveal.com\/es\/aliados-estrategicos-en-innovacion-educativa\/\",\"url\":\"https:\/\/dreveal.com\/es\/aliados-estrategicos-en-innovacion-educativa\/\",\"name\":\"dReveal Lite Installation Guide - Step-by-Step Guide\",\"isPartOf\":{\"@id\":\"https:\/\/dreveal.com\/es\/#website\"},\"datePublished\":\"2025-10-10T19:12:32+00:00\",\"dateModified\":\"2025-10-13T19:21:14+00:00\",\"description\":\"We have signed a strategic Collaboration Agreement with NUR University to drive the digital evolution of higher education.\",\"inLanguage\":\"es\",\"potentialAction\":[{\"@type\":\"ReadAction\",\"target\":[\"https:\/\/dreveal.com\/es\/aliados-estrategicos-en-innovacion-educativa\/\"]}]},{\"@type\":\"WebSite\",\"@id\":\"https:\/\/dreveal.com\/es\/#website\",\"url\":\"https:\/\/dreveal.com\/es\/\",\"name\":\"dReveal | Data Analysis Tools, Discover the power of your data\",\"description\":\"Software applications &amp; web components specialized in audit reports &amp; dashboards\",\"potentialAction\":[{\"@type\":\"SearchAction\",\"target\":{\"@type\":\"EntryPoint\",\"urlTemplate\":\"https:\/\/dreveal.com\/es\/?s={search_term_string}\"},\"query-input\":{\"@type\":\"PropertyValueSpecification\",\"valueRequired\":true,\"valueName\":\"search_term_string\"}}],\"inLanguage\":\"es\"}]}<\/script>\n<!-- \/ Yoast SEO Premium plugin. -->","yoast_head_json":{"title":"dReveal Lite Installation Guide - Step-by-Step Guide","description":"We have signed a strategic Collaboration Agreement with NUR University to drive the digital evolution of higher education.","robots":{"index":"index","follow":"follow","max-snippet":"max-snippet:-1","max-image-preview":"max-image-preview:large","max-video-preview":"max-video-preview:-1"},"canonical":"https:\/\/dreveal.com\/es\/aliados-estrategicos-en-innovacion-educativa\/","og_locale":"es_ES","og_type":"article","og_title":"dReveal Lite Installation Guide - Step-by-Step Guide","og_description":"We have signed a strategic Collaboration Agreement with NUR University to drive the digital evolution of higher education.","og_url":"https:\/\/dreveal.com\/es\/aliados-estrategicos-en-innovacion-educativa\/","og_site_name":"Audit reports &amp; Dashboards","article_modified_time":"2025-10-13T19:21:14+00:00","twitter_card":"summary_large_image","twitter_misc":{"Tiempo de lectura":"1 minuto"},"schema":{"@context":"https:\/\/schema.org","@graph":[{"@type":"WebPage","@id":"https:\/\/dreveal.com\/es\/aliados-estrategicos-en-innovacion-educativa\/","url":"https:\/\/dreveal.com\/es\/aliados-estrategicos-en-innovacion-educativa\/","name":"dReveal Lite Installation Guide - Step-by-Step Guide","isPartOf":{"@id":"https:\/\/dreveal.com\/es\/#website"},"datePublished":"2025-10-10T19:12:32+00:00","dateModified":"2025-10-13T19:21:14+00:00","description":"We have signed a strategic Collaboration Agreement with NUR University to drive the digital evolution of higher education.","inLanguage":"es","potentialAction":[{"@type":"ReadAction","target":["https:\/\/dreveal.com\/es\/aliados-estrategicos-en-innovacion-educativa\/"]}]},{"@type":"WebSite","@id":"https:\/\/dreveal.com\/es\/#website","url":"https:\/\/dreveal.com\/es\/","name":"dReveal | Data Analysis Tools, Discover the power of your data","description":"Software applications &amp; web components specialized in audit reports &amp; dashboards","potentialAction":[{"@type":"SearchAction","target":{"@type":"EntryPoint","urlTemplate":"https:\/\/dreveal.com\/es\/?s={search_term_string}"},"query-input":{"@type":"PropertyValueSpecification","valueRequired":true,"valueName":"search_term_string"}}],"inLanguage":"es"}]}},"_links":{"self":[{"href":"https:\/\/dreveal.com\/es\/wp-json\/wp\/v2\/pages\/13114","targetHints":{"allow":["GET"]}}],"collection":[{"href":"https:\/\/dreveal.com\/es\/wp-json\/wp\/v2\/pages"}],"about":[{"href":"https:\/\/dreveal.com\/es\/wp-json\/wp\/v2\/types\/page"}],"author":[{"embeddable":true,"href":"https:\/\/dreveal.com\/es\/wp-json\/wp\/v2\/users\/7"}],"replies":[{"embeddable":true,"href":"https:\/\/dreveal.com\/es\/wp-json\/wp\/v2\/comments?post=13114"}],"version-history":[{"count":4,"href":"https:\/\/dreveal.com\/es\/wp-json\/wp\/v2\/pages\/13114\/revisions"}],"predecessor-version":[{"id":13137,"href":"https:\/\/dreveal.com\/es\/wp-json\/wp\/v2\/pages\/13114\/revisions\/13137"}],"wp:attachment":[{"href":"https:\/\/dreveal.com\/es\/wp-json\/wp\/v2\/media?parent=13114"}],"curies":[{"name":"wp","href":"https:\/\/api.w.org\/{rel}","templated":true}]}}