{"id":2818,"date":"2016-06-23T11:12:53","date_gmt":"2016-06-23T11:12:53","guid":{"rendered":"https:\/\/dreveal.com\/nuestra-historia\/"},"modified":"2025-01-13T20:00:01","modified_gmt":"2025-01-13T20:00:01","slug":"nuestra-historia","status":"publish","type":"page","link":"https:\/\/dreveal.com\/es\/nuestra-historia\/","title":{"rendered":"Nuestra Historia"},"content":{"rendered":"<div class=\"wpb-content-wrapper\"><p>[vc_row full_width=\u00bbstretch_row_content\u00bb bg_type=\u00bbimage\u00bb parallax_style=\u00bbvcpb-default\u00bb bg_image_new=\u00bbid^1332|url^https:\/\/dreveal.com\/wp-content\/uploads\/2021\/03\/faq_green.png|caption^null|alt^FAQ|title^faq_green|description^null\u00bb enable_overlay=\u00bbenable_overlay_value\u00bb overlay_color=\u00bbrgba(0,0,0,0.6)\u00bb][vc_column]<div id=\"ultimate-heading-592569ea543c54a83\" class=\"uvc-heading ult-adjust-bottom-margin ultimate-heading-592569ea543c54a83 uvc-5592 \" data-hspacer=\"no_spacer\"  data-halign=\"center\" style=\"text-align:center\"><div class=\"uvc-heading-spacer no_spacer\" style=\"top\"><\/div><div class=\"uvc-main-heading ult-responsive\"  data-ultimate-target='.uvc-heading.ultimate-heading-592569ea543c54a83 h1'  data-responsive-json-new='{\"font-size\":\"\",\"line-height\":\"desktop:42px;\"}' ><h1 style=\"--font-weight:theme;color:#fff;margin-top:3%;\">Nuestra Historia<\/h1><\/div><div class=\"uvc-sub-heading ult-responsive\"  data-ultimate-target='.uvc-heading.ultimate-heading-592569ea543c54a83 .uvc-sub-heading '  data-responsive-json-new='{\"font-size\":\"desktop:18px;\",\"line-height\":\"desktop:30px;\"}'  style=\"font-weight:normal;color:#ffffff;margin-bottom:3%;\"><\/p>\n<p style=\"text-align: center;\">\u00abIntuitivo, ligero y port\u00e1til. Transforma tus datos en resultados\u00bb<\/p>\n<p><\/div><\/div>[\/vc_column][\/vc_row][vc_row bg_type=\u00bbbg_color\u00bb bg_override=\u00bbex-full\u00bb type=\u00bbvc_default\u00bb css=\u00bb.vc_custom_1628196252842{padding-top: 50px !important;padding-bottom: 50px !important;background-color: #ffffff !important;}\u00bb bg_color_value=\u00bb#f5f5f5&#8243;][vc_column width=\u00bb1\/6&#8243; css=\u00bb.vc_custom_1628196280390{padding-top: 0px !important;background-color: #ffffff !important;}\u00bb][\/vc_column][vc_column width=\u00bb2\/3&#8243; css=\u00bb.vc_custom_1628607516090{padding-right: 50px !important;padding-bottom: 50px !important;padding-left: 50px !important;background-color: #ffffff !important;}\u00bb el_class=\u00bbdr-box-shadow\u00bb]<div id=\"ultimate-heading-360869ea543c54b34\" class=\"uvc-heading ult-adjust-bottom-margin ultimate-heading-360869ea543c54b34 uvc-5489 accent-border-color\" data-hspacer=\"no_spacer\"  data-halign=\"center\" style=\"text-align:center\"><div class=\"uvc-heading-spacer no_spacer\" style=\"top\"><\/div><div class=\"uvc-main-heading ult-responsive\"  data-ultimate-target='.uvc-heading.ultimate-heading-360869ea543c54b34 h1'  data-responsive-json-new='{\"font-size\":\"desktop:26px;\",\"line-height\":\"desktop:36px;\"}' ><h1 style=\"font-weight:bold;margin-top:30px;margin-bottom:30px;\">No se puede construir la mejor soluci\u00f3n, a menos que se escuche realmente el problema<\/h1><\/div><div class=\"uvc-sub-heading ult-responsive\"  data-ultimate-target='.uvc-heading.ultimate-heading-360869ea543c54b34 .uvc-sub-heading '  data-responsive-json-new='{\"font-size\":\"desktop:18px;\",\"line-height\":\"desktop:30px;\"}'  style=\"font-weight:normal;\"><\/p>\n<p style=\"text-align: justify;\">Nos enorgullece ofrecer las mejores soluciones para nuestros clientes y sus usuarios. Nuestro equipo est\u00e1 especializado en <strong>informes<\/strong> y <strong>cuadros de mando<\/strong>, y lleva m\u00e1s de una d\u00e9cada creando software de <strong>gesti\u00f3n de auditor\u00edas\/GRC<\/strong>.<\/p>\n<p style=\"text-align: justify;\">Quer\u00edamos que dReveal fuera la soluci\u00f3n de informes que necesitan los usuarios de la gesti\u00f3n de auditor\u00edas, por lo que desarrollamos y perfeccionamos nuestro producto con diligencia gracias a <strong>15 a\u00f1os<\/strong> de investigaci\u00f3n y a los comentarios de los usuarios finales reales de los auditores internos.<\/p>\n<p style=\"text-align: justify;\">Desde su entrada en el mercado en 2008, dReveal ha sido utilizado por m\u00e1s de 3000 empresas como parte de su software de <strong>herramientas de gesti\u00f3n de auditor\u00edas<\/strong>. Nuestros principales socios utilizan dReveal desde hace m\u00e1s de 10 a\u00f1os.<\/p>\n<p style=\"text-align: justify;\">Centrados en las tendencias del sector y en el avance continuo, desarrollamos la nueva versi\u00f3n SaaS de dReveal. De <strong>marca blanca<\/strong>, <strong>basada en la nube<\/strong> e <strong>integrada<\/strong>, ya ha sido utilizada <strong>por m\u00e1s de 500 empresas<\/strong> desde su lanzamiento en septiembre de 2020.<\/p>\n<p>&nbsp;<\/p>\n<h1 style=\"text-align: center;\"><strong><em>dReveal<\/em><br \/>\n<\/strong><\/h1>\n<p><strong>Dise\u00f1ado para cumplir. Es realmente as\u00ed de sencillo.<\/strong><\/div><\/div>[\/vc_column][vc_column width=\u00bb1\/6&#8243;][\/vc_column][\/vc_row][vc_row bg_type=\u00bbbg_color\u00bb bg_override=\u00bbex-full\u00bb type=\u00bbvc_default\u00bb css=\u00bb.vc_custom_1615929907684{padding-top: 50px !important;padding-bottom: 50px !important;}\u00bb el_id=\u00bbteam-section\u00bb][vc_column css=\u00bb.vc_custom_1615469736980{padding-top: 0px !important;}\u00bb]<div id=\"ultimate-heading-973969ea543c54bbe\" class=\"uvc-heading ult-adjust-bottom-margin ultimate-heading-973969ea543c54bbe uvc-1452 accent-border-color\" data-hspacer=\"line_only\"  data-halign=\"center\" style=\"text-align:center\"><div class=\"uvc-main-heading ult-responsive\"  data-ultimate-target='.uvc-heading.ultimate-heading-973969ea543c54bbe h2'  data-responsive-json-new='{\"font-size\":\"desktop:26px;\",\"line-height\":\"desktop:36px;\"}' ><h2 style=\"font-weight:bold;\">Leadership Team<\/h2><\/div><div class=\"uvc-heading-spacer line_only\" style=\"margin-top:15px;margin-bottom:50px;height:4px;\"><span class=\"uvc-headings-line\" style=\"border-style:solid;border-bottom-width:4px;border-color:;width:50px;\"><\/span><\/div><\/div>[vc_row_inner][vc_column_inner width=\u00bb1\/3&#8243; css=\u00bb.vc_custom_1616009456026{padding-right: 50px !important;padding-left: 50px !important;}\u00bb]<div class=\"ult-team-member-wrap ult-style-1  \"><div class=\"ult-team-member-image\" style=\"border-style:solid;border-width:1px;border-radius:200px;border-color:#1da462;\"> <img decoding=\"async\" class=\"\" src=\"https:\/\/dreveal.com\/wp-content\/uploads\/2021\/03\/Farhad1.png\" alt=\"null\"  style=\"\"><span class=\"ult-team-member-image-overlay ult-team_img_hover\" data-background_clr = \"rgba(0,0,0,0.25)\" ><\/span><\/div><div class=\"ult-team-member-bio-wrap style-1 ultimate-heading69ea543c54e33\" style=\"text-align:center;; \"><div class=\"ult-team-member-name-wrap\"><h2 class=\"ult-team-member-name ult-responsive\"  data-ultimate-target='.ult-team-member-bio-wrap.ultimate-heading69ea543c54e33 .ult-team-member-name'  data-responsive-json-new='{\"font-size\":\"\",\"line-height\":\"\"}'  style=\"\">Farhad N.<\/h2><div class=\"ult-team-member-position ult-responsive\"  data-ultimate-target='.ult-team-member-bio-wrap.ultimate-heading69ea543c54e33 .ult-team-member-position'  data-responsive-json-new='{\"font-size\":\"\",\"line-height\":\"\"}'  style=\"\">CEO<\/div><div style=\"margin-bottom:15px\"><\/div><\/div><\/div><\/div>[\/vc_column_inner][vc_column_inner width=\u00bb1\/3&#8243; css=\u00bb.vc_custom_1616009473704{padding-right: 50px !important;padding-left: 50px !important;}\u00bb]<div class=\"ult-team-member-wrap ult-style-1  \"><div class=\"ult-team-member-image\" style=\"border-style:solid;border-width:1px;border-radius:200px;border-color:#1da462;\"> <img decoding=\"async\" class=\"\" src=\"https:\/\/dreveal.com\/wp-content\/uploads\/2021\/03\/David_650x650.png\" alt=\"null\"  style=\"\"><span class=\"ult-team-member-image-overlay ult-team_img_hover\" data-background_clr = \"rgba(0,0,0,0.25)\" ><\/span><\/div><div class=\"ult-team-member-bio-wrap style-1 ultimate-heading69ea543c54ff7\" style=\"text-align:center;; \"><div class=\"ult-team-member-name-wrap\"><h2 class=\"ult-team-member-name ult-responsive\"  data-ultimate-target='.ult-team-member-bio-wrap.ultimate-heading69ea543c54ff7 .ult-team-member-name'  data-responsive-json-new='{\"font-size\":\"\",\"line-height\":\"\"}'  style=\"\">David G.<\/h2><div class=\"ult-team-member-position ult-responsive\"  data-ultimate-target='.ult-team-member-bio-wrap.ultimate-heading69ea543c54ff7 .ult-team-member-position'  data-responsive-json-new='{\"font-size\":\"\",\"line-height\":\"\"}'  style=\"\">Project Owner<\/div><div style=\"margin-bottom:15px\"><\/div><\/div><\/div><\/div>[\/vc_column_inner][vc_column_inner width=\u00bb1\/3&#8243; css=\u00bb.vc_custom_1616009484214{padding-right: 50px !important;padding-left: 50px !important;}\u00bb]<div class=\"ult-team-member-wrap ult-style-1  \"><div class=\"ult-team-member-image\" style=\"border-style:solid;border-width:1px;border-radius:200px;border-color:#1da462;\"> <img decoding=\"async\" class=\"\" src=\"https:\/\/dreveal.com\/wp-content\/uploads\/2021\/03\/Ronald_650x650.png\" alt=\"null\"  style=\"\"><span class=\"ult-team-member-image-overlay ult-team_img_hover\" data-background_clr = \"rgba(0,0,0,0.25)\" ><\/span><\/div><div class=\"ult-team-member-bio-wrap style-1 ultimate-heading69ea543c5517e\" style=\"text-align:center;; \"><div class=\"ult-team-member-name-wrap\"><h2 class=\"ult-team-member-name ult-responsive\"  data-ultimate-target='.ult-team-member-bio-wrap.ultimate-heading69ea543c5517e .ult-team-member-name'  data-responsive-json-new='{\"font-size\":\"\",\"line-height\":\"\"}'  style=\"\">Ronald S.<\/h2><div class=\"ult-team-member-position ult-responsive\"  data-ultimate-target='.ult-team-member-bio-wrap.ultimate-heading69ea543c5517e .ult-team-member-position'  data-responsive-json-new='{\"font-size\":\"\",\"line-height\":\"\"}'  style=\"\">Developer Lead<\/div><div style=\"margin-bottom:15px\"><\/div><\/div><\/div><\/div>[\/vc_column_inner][\/vc_row_inner][vc_row_inner el_class=\u00bbcontainer_team_session\u00bb][vc_column_inner width=\u00bb1\/4&#8243;]<div class=\"ult-team-member-wrap ult-style-1  \"><div class=\"ult-team-member-image\" style=\"border-style:solid;border-width:1px;border-radius:200px;border-color:#1da462;\"> <img decoding=\"async\" class=\"\" src=\"https:\/\/dreveal.com\/wp-content\/uploads\/2021\/03\/Roxana_650x650.png\" alt=\"null\"  style=\"\"><span class=\"ult-team-member-image-overlay ult-team_img_hover\" data-background_clr = \"rgba(0,0,0,0.25)\" ><\/span><\/div><div class=\"ult-team-member-bio-wrap style-1 ultimate-heading69ea543c55319\" style=\"text-align:center;; \"><div class=\"ult-team-member-name-wrap\"><h2 class=\"ult-team-member-name ult-responsive\"  data-ultimate-target='.ult-team-member-bio-wrap.ultimate-heading69ea543c55319 .ult-team-member-name'  data-responsive-json-new='{\"font-size\":\"\",\"line-height\":\"\"}'  style=\"\">Roxana H.<\/h2><div class=\"ult-team-member-position ult-responsive\"  data-ultimate-target='.ult-team-member-bio-wrap.ultimate-heading69ea543c55319 .ult-team-member-position'  data-responsive-json-new='{\"font-size\":\"\",\"line-height\":\"\"}'  style=\"\">Quality Assurance for Release<\/div><div style=\"margin-bottom:15px\"><\/div><\/div><\/div><\/div>[\/vc_column_inner][vc_column_inner width=\u00bb1\/4&#8243;]<div class=\"ult-team-member-wrap ult-style-1  \"><div class=\"ult-team-member-image\" style=\"border-style:solid;border-width:1px;border-radius:200px;border-color:#1da462;\"> <img decoding=\"async\" class=\"\" src=\"https:\/\/dreveal.com\/wp-content\/uploads\/2021\/03\/Richard_650x650.png\" alt=\"null\"  style=\"\"><span class=\"ult-team-member-image-overlay ult-team_img_hover\" data-background_clr = \"rgba(0,0,0,0.25)\" ><\/span><\/div><div class=\"ult-team-member-bio-wrap style-1 ultimate-heading69ea543c55487\" style=\"text-align:center;; \"><div class=\"ult-team-member-name-wrap\"><h2 class=\"ult-team-member-name ult-responsive\"  data-ultimate-target='.ult-team-member-bio-wrap.ultimate-heading69ea543c55487 .ult-team-member-name'  data-responsive-json-new='{\"font-size\":\"\",\"line-height\":\"\"}'  style=\"\">Richard C.<\/h2><div class=\"ult-team-member-position ult-responsive\"  data-ultimate-target='.ult-team-member-bio-wrap.ultimate-heading69ea543c55487 .ult-team-member-position'  data-responsive-json-new='{\"font-size\":\"\",\"line-height\":\"\"}'  style=\"\">Report Services Lead<\/div><div style=\"margin-bottom:15px\"><\/div><\/div><\/div><\/div>[\/vc_column_inner][vc_column_inner width=\u00bb1\/4&#8243;]<div class=\"ult-team-member-wrap ult-style-1  \"><div class=\"ult-team-member-image\" style=\"border-style:solid;border-width:1px;border-radius:200px;border-color:#1da462;\"> <img decoding=\"async\" class=\"\" src=\"https:\/\/dreveal.com\/wp-content\/uploads\/2021\/03\/Jorge_650x650.png\" alt=\"null\"  style=\"\"><span class=\"ult-team-member-image-overlay ult-team_img_hover\" data-background_clr = \"rgba(0,0,0,0.25)\" ><\/span><\/div><div class=\"ult-team-member-bio-wrap style-1 ultimate-heading69ea543c555f8\" style=\"text-align:center;; \"><div class=\"ult-team-member-name-wrap\"><h2 class=\"ult-team-member-name ult-responsive\"  data-ultimate-target='.ult-team-member-bio-wrap.ultimate-heading69ea543c555f8 .ult-team-member-name'  data-responsive-json-new='{\"font-size\":\"\",\"line-height\":\"\"}'  style=\"\">Jorge M.<\/h2><div class=\"ult-team-member-position ult-responsive\"  data-ultimate-target='.ult-team-member-bio-wrap.ultimate-heading69ea543c555f8 .ult-team-member-position'  data-responsive-json-new='{\"font-size\":\"\",\"line-height\":\"\"}'  style=\"\">Developer Lead<\/div><div style=\"margin-bottom:15px\"><\/div><\/div><\/div><\/div>[\/vc_column_inner][vc_column_inner width=\u00bb1\/4&#8243;]<div class=\"ult-team-member-wrap ult-style-1  \"><div class=\"ult-team-member-image\" style=\"border-style:solid;border-width:1px;border-radius:200px;border-color:#1da462;\"> <img decoding=\"async\" class=\"\" src=\"https:\/\/dreveal.com\/wp-content\/uploads\/2021\/03\/Manfredo-650x650-1.png\" alt=\"null\"  style=\"\"><span class=\"ult-team-member-image-overlay ult-team_img_hover\" data-background_clr = \"rgba(0,0,0,0.25)\" ><\/span><\/div><div class=\"ult-team-member-bio-wrap style-1 ultimate-heading69ea543c55763\" style=\"text-align:center;; \"><div class=\"ult-team-member-name-wrap\"><h2 class=\"ult-team-member-name ult-responsive\"  data-ultimate-target='.ult-team-member-bio-wrap.ultimate-heading69ea543c55763 .ult-team-member-name'  data-responsive-json-new='{\"font-size\":\"\",\"line-height\":\"\"}'  style=\"\">Manfredo S.<\/h2><div class=\"ult-team-member-position ult-responsive\"  data-ultimate-target='.ult-team-member-bio-wrap.ultimate-heading69ea543c55763 .ult-team-member-position'  data-responsive-json-new='{\"font-size\":\"\",\"line-height\":\"\"}'  style=\"\">Developer Lead<\/div><div style=\"margin-bottom:15px\"><\/div><\/div><\/div><\/div>[\/vc_column_inner][\/vc_row_inner][\/vc_column][\/vc_row]<\/p>\n<\/div>","protected":false},"excerpt":{"rendered":"<p>[vc_row full_width=\u00bbstretch_row_content\u00bb bg_type=\u00bbimage\u00bb parallax_style=\u00bbvcpb-default\u00bb bg_image_new=\u00bbid^1332|url^https:\/\/dreveal.com\/wp-content\/uploads\/2021\/03\/faq_green.png|caption^null|alt^FAQ|title^faq_green|description^null\u00bb enable_overlay=\u00bbenable_overlay_value\u00bb overlay_color=\u00bbrgba(0,0,0,0.6)\u00bb][vc_column][\/vc_column][\/vc_row][vc_row bg_type=\u00bbbg_color\u00bb bg_override=\u00bbex-full\u00bb type=\u00bbvc_default\u00bb css=\u00bb.vc_custom_1628196252842{padding-top: 50px !important;padding-bottom: 50px !important;background-color: #ffffff !important;}\u00bb bg_color_value=\u00bb#f5f5f5&#8243;][vc_column width=\u00bb1\/6&#8243; css=\u00bb.vc_custom_1628196280390{padding-top: 0px !important;background-color: #ffffff !important;}\u00bb][\/vc_column][vc_column width=\u00bb2\/3&#8243; css=\u00bb.vc_custom_1628607516090{padding-right: 50px !important;padding-bottom: 50px !important;padding-left: 50px !important;background-color: #ffffff !important;}\u00bb el_class=\u00bbdr-box-shadow\u00bb][\/vc_column][vc_column width=\u00bb1\/6&#8243;][\/vc_column][\/vc_row][vc_row bg_type=\u00bbbg_color\u00bb bg_override=\u00bbex-full\u00bb type=\u00bbvc_default\u00bb css=\u00bb.vc_custom_1615929907684{padding-top: 50px !important;padding-bottom: 50px !important;}\u00bb el_id=\u00bbteam-section\u00bb][vc_column css=\u00bb.vc_custom_1615469736980{padding-top: 0px !important;}\u00bb][vc_row_inner][vc_column_inner width=\u00bb1\/3&#8243; css=\u00bb.vc_custom_1616009456026{padding-right: 50px !important;padding-left: 50px !important;}\u00bb][\/vc_column_inner][vc_column_inner width=\u00bb1\/3&#8243;&hellip;<\/p>\n","protected":false},"author":7,"featured_media":0,"parent":0,"menu_order":1,"comment_status":"closed","ping_status":"closed","template":"","meta":{"footnotes":""},"class_list":["post-2818","page","type-page","status-publish","hentry","description-off"],"yoast_head":"<!-- This site is optimized with the Yoast SEO Premium plugin v27.2 (Yoast SEO v27.2) - https:\/\/yoast.com\/product\/yoast-seo-premium-wordpress\/ -->\n<title>Conoce la historia de dReveal<\/title>\n<meta name=\"description\" content=\"Conoce la historia de dReveal de revolucionar la visualizaci\u00f3n de datos. Desde nuestros humildes comienzos hasta nuestra soluci\u00f3n innovadora.\" \/>\n<meta name=\"robots\" content=\"index, follow, max-snippet:-1, max-image-preview:large, max-video-preview:-1\" \/>\n<link rel=\"canonical\" href=\"https:\/\/dreveal.com\/es\/nuestra-historia\/\" \/>\n<meta property=\"og:locale\" content=\"es_ES\" \/>\n<meta property=\"og:type\" content=\"article\" \/>\n<meta property=\"og:title\" content=\"Conoce la historia de dReveal\" \/>\n<meta property=\"og:description\" content=\"Conoce la historia de dReveal de revolucionar la visualizaci\u00f3n de datos. Desde nuestros humildes comienzos hasta nuestra soluci\u00f3n innovadora.\" \/>\n<meta property=\"og:url\" content=\"https:\/\/dreveal.com\/es\/nuestra-historia\/\" \/>\n<meta property=\"og:site_name\" content=\"Audit reports &amp; Dashboards\" \/>\n<meta property=\"article:modified_time\" content=\"2025-01-13T20:00:01+00:00\" \/>\n<meta name=\"twitter:card\" content=\"summary_large_image\" \/>\n<meta name=\"twitter:label1\" content=\"Tiempo de lectura\" \/>\n\t<meta name=\"twitter:data1\" content=\"5 minutos\" \/>\n<script type=\"application\/ld+json\" class=\"yoast-schema-graph\">{\"@context\":\"https:\/\/schema.org\",\"@graph\":[{\"@type\":\"WebPage\",\"@id\":\"https:\/\/dreveal.com\/es\/nuestra-historia\/\",\"url\":\"https:\/\/dreveal.com\/es\/nuestra-historia\/\",\"name\":\"Conoce la historia de dReveal\",\"isPartOf\":{\"@id\":\"https:\/\/dreveal.com\/es\/#website\"},\"datePublished\":\"2016-06-23T11:12:53+00:00\",\"dateModified\":\"2025-01-13T20:00:01+00:00\",\"description\":\"Conoce la historia de dReveal de revolucionar la visualizaci\u00f3n de datos. Desde nuestros humildes comienzos hasta nuestra soluci\u00f3n innovadora.\",\"inLanguage\":\"es\",\"potentialAction\":[{\"@type\":\"ReadAction\",\"target\":[\"https:\/\/dreveal.com\/es\/nuestra-historia\/\"]}]},{\"@type\":\"WebSite\",\"@id\":\"https:\/\/dreveal.com\/es\/#website\",\"url\":\"https:\/\/dreveal.com\/es\/\",\"name\":\"dReveal | Data Analysis Tools, Discover the power of your data\",\"description\":\"Software applications &amp; web components specialized in audit reports &amp; dashboards\",\"potentialAction\":[{\"@type\":\"SearchAction\",\"target\":{\"@type\":\"EntryPoint\",\"urlTemplate\":\"https:\/\/dreveal.com\/es\/?s={search_term_string}\"},\"query-input\":{\"@type\":\"PropertyValueSpecification\",\"valueRequired\":true,\"valueName\":\"search_term_string\"}}],\"inLanguage\":\"es\"}]}<\/script>\n<!-- \/ Yoast SEO Premium plugin. -->","yoast_head_json":{"title":"Conoce la historia de dReveal","description":"Conoce la historia de dReveal de revolucionar la visualizaci\u00f3n de datos. Desde nuestros humildes comienzos hasta nuestra soluci\u00f3n innovadora.","robots":{"index":"index","follow":"follow","max-snippet":"max-snippet:-1","max-image-preview":"max-image-preview:large","max-video-preview":"max-video-preview:-1"},"canonical":"https:\/\/dreveal.com\/es\/nuestra-historia\/","og_locale":"es_ES","og_type":"article","og_title":"Conoce la historia de dReveal","og_description":"Conoce la historia de dReveal de revolucionar la visualizaci\u00f3n de datos. Desde nuestros humildes comienzos hasta nuestra soluci\u00f3n innovadora.","og_url":"https:\/\/dreveal.com\/es\/nuestra-historia\/","og_site_name":"Audit reports &amp; Dashboards","article_modified_time":"2025-01-13T20:00:01+00:00","twitter_card":"summary_large_image","twitter_misc":{"Tiempo de lectura":"5 minutos"},"schema":{"@context":"https:\/\/schema.org","@graph":[{"@type":"WebPage","@id":"https:\/\/dreveal.com\/es\/nuestra-historia\/","url":"https:\/\/dreveal.com\/es\/nuestra-historia\/","name":"Conoce la historia de dReveal","isPartOf":{"@id":"https:\/\/dreveal.com\/es\/#website"},"datePublished":"2016-06-23T11:12:53+00:00","dateModified":"2025-01-13T20:00:01+00:00","description":"Conoce la historia de dReveal de revolucionar la visualizaci\u00f3n de datos. Desde nuestros humildes comienzos hasta nuestra soluci\u00f3n innovadora.","inLanguage":"es","potentialAction":[{"@type":"ReadAction","target":["https:\/\/dreveal.com\/es\/nuestra-historia\/"]}]},{"@type":"WebSite","@id":"https:\/\/dreveal.com\/es\/#website","url":"https:\/\/dreveal.com\/es\/","name":"dReveal | Data Analysis Tools, Discover the power of your data","description":"Software applications &amp; web components specialized in audit reports &amp; dashboards","potentialAction":[{"@type":"SearchAction","target":{"@type":"EntryPoint","urlTemplate":"https:\/\/dreveal.com\/es\/?s={search_term_string}"},"query-input":{"@type":"PropertyValueSpecification","valueRequired":true,"valueName":"search_term_string"}}],"inLanguage":"es"}]}},"_links":{"self":[{"href":"https:\/\/dreveal.com\/es\/wp-json\/wp\/v2\/pages\/2818","targetHints":{"allow":["GET"]}}],"collection":[{"href":"https:\/\/dreveal.com\/es\/wp-json\/wp\/v2\/pages"}],"about":[{"href":"https:\/\/dreveal.com\/es\/wp-json\/wp\/v2\/types\/page"}],"author":[{"embeddable":true,"href":"https:\/\/dreveal.com\/es\/wp-json\/wp\/v2\/users\/7"}],"replies":[{"embeddable":true,"href":"https:\/\/dreveal.com\/es\/wp-json\/wp\/v2\/comments?post=2818"}],"version-history":[{"count":0,"href":"https:\/\/dreveal.com\/es\/wp-json\/wp\/v2\/pages\/2818\/revisions"}],"wp:attachment":[{"href":"https:\/\/dreveal.com\/es\/wp-json\/wp\/v2\/media?parent=2818"}],"curies":[{"name":"wp","href":"https:\/\/api.w.org\/{rel}","templated":true}]}}