{"id":3474,"date":"2022-11-25T13:22:02","date_gmt":"2022-11-25T13:22:02","guid":{"rendered":"https:\/\/dreveal.com\/?page_id=3474"},"modified":"2025-01-09T20:47:00","modified_gmt":"2025-01-09T20:47:00","slug":"preguntas-frecuentes","status":"publish","type":"page","link":"https:\/\/dreveal.com\/es\/preguntas-frecuentes\/","title":{"rendered":"PREGUNTAS FRECUENTES"},"content":{"rendered":"<div class=\"wpb-content-wrapper\"><p>[vc_row full_width=\u00bbstretch_row_content\u00bb bg_type=\u00bbimage\u00bb parallax_style=\u00bbvcpb-default\u00bb bg_image_new=\u00bbid^1332|url^https:\/\/dreveal.com\/wp-content\/uploads\/2021\/03\/faq_green.png|caption^null|alt^null|title^faq_green|description^null\u00bb bg_image_repeat=\u00bbno-repeat\u00bb enable_overlay=\u00bbenable_overlay_value\u00bb overlay_color=\u00bbrgba(0,0,0,0.6)\u00bb type=\u00bbvc_default\u00bb][vc_column]<div id=\"ultimate-heading-343769ea543c544db\" class=\"uvc-heading ult-adjust-bottom-margin ultimate-heading-343769ea543c544db uvc-413 \" data-hspacer=\"no_spacer\"  data-halign=\"center\" style=\"text-align:center\"><div class=\"uvc-heading-spacer no_spacer\" style=\"top\"><\/div><div class=\"uvc-main-heading ult-responsive\"  data-ultimate-target='.uvc-heading.ultimate-heading-343769ea543c544db h1'  data-responsive-json-new='{\"font-size\":\"\",\"line-height\":\"desktop:42px;\"}' ><h1 style=\"font-weight:bold;color:#ffffff;margin-top:3%;\">Preguntas frecuentes<\/h1><\/div><div class=\"uvc-sub-heading ult-responsive\"  data-ultimate-target='.uvc-heading.ultimate-heading-343769ea543c544db .uvc-sub-heading '  data-responsive-json-new='{\"font-size\":\"desktop:18px;\",\"line-height\":\"desktop:30px;\"}'  style=\"font-weight:normal;color:#ffffff;margin-bottom:3%;\"><\/p>\n<p style=\"text-align: center;\">\u00abIntuitivo, ligero y port\u00e1til. Transforma tus datos en resultados\u00bb<\/p>\n<p><\/div><\/div>[\/vc_column][\/vc_row][vc_row css=\u00bb.vc_custom_1736455618716{padding-top: 5% !important;padding-bottom: 4% !important;}\u00bb][vc_column css=\u00bb.vc_custom_1616181522967{border-right-width: 0px !important;border-left-width: 0px !important;padding-right: 0px !important;padding-left: 0px !important;}\u00bb][vc_tta_accordion style=\u00bbmodern\u00bb spacing=\u00bb10&#8243; c_icon=\u00bbchevron\u00bb active_section=\u00bb\u00bb collapsible_all=\u00bbtrue\u00bb css=\u00bb.vc_custom_1616182560821{margin-right: 0px !important;margin-left: 0px !important;border-right-width: 0px !important;border-left-width: 0px !important;padding-right: 0px !important;padding-left: 0px !important;}\u00bb][vc_tta_section title=\u00bb\u00bfNecesito tener un servidor adicional o almacenamiento de datos separado?\u00bb tab_id=\u00bb1616179268733-b0084d1e-960d\u00bb][vc_column_text css=\u00bb.vc_custom_1661898408686{padding-left: 25px !important;border-radius: 5px !important;}\u00bb]<span style=\"font-weight: 400;\">S\u00ed, pero solo para la versi\u00f3n Server.<\/span>[\/vc_column_text][\/vc_tta_section][vc_tta_section title=\u00bb\u00bfC\u00f3mo mitiga dReveal los posibles riesgos de seguridad?\u00bb tab_id=\u00bb1616179268782-c2cae556-5e96&#8243;][vc_column_text css=\u00bb.vc_custom_1661898431494{padding-left: 25px !important;}\u00bb]<span style=\"font-weight: 400;\">Los archivos de definici\u00f3n de reportes de dReveal est\u00e1n encriptados con AES256 para que puedan transportarse de forma segura a trav\u00e9s de Internet. En t\u00e9rminos de protecci\u00f3n de datos, dReveal ofrece varias opciones para implementar seguridad basada en roles y usuarios, de modo que solo los usuarios autorizados puedan verlos. Por \u00faltimo, para garantizar que la aplicaci\u00f3n se pueda implementar de manera segura, los componentes web se someten a pruebas y an\u00e1lisis de penetraci\u00f3n de seguridad.<\/span>[\/vc_column_text][\/vc_tta_section][vc_tta_section title=\u00bb\u00bfLa implementaci\u00f3n de dReveal en mi aplicaci\u00f3n afecta el rendimiento de mi servidor?\u00bb tab_id=\u00bb1616180768859-795cdc01-da30&#8243;][vc_column_text css=\u00bb.vc_custom_1661898450787{padding-left: 25px !important;}\u00bb]<span style=\"font-weight: 400;\">No. dReveal implementa consultas de base de datos altamente optimizadas y recupera solo los datos necesarios para que se muestre un reporte.<\/span>[\/vc_column_text][\/vc_tta_section][vc_tta_section title=\u00bb\u00bfCon qu\u00e9 tecnolog\u00eda de base de datos es compatible dReveal?\u00bb tab_id=\u00bb1616180836280-451cfe3f-5192&#8243;][vc_column_text css=\u00bb.vc_custom_1661898484092{padding-left: 25px !important;}\u00bb]<span style=\"font-weight: 400;\">dReveal es compatible con la \u00faltima tecnolog\u00eda de Microsoft, y admite operaciones de m\u00faltiples hosts a trav\u00e9s de SQL Server y OData.<\/span>[\/vc_column_text][\/vc_tta_section][vc_tta_section title=\u00bb\u00bfConvertir\u00e1 mis reportes personalizados de mi antiguo servicio de aplicaci\u00f3n?\u00bb tab_id=\u00bb1628111728728-93e4ed3b-eaea\u00bb][vc_column_text css=\u00bb.vc_custom_1661898519479{padding-left: 25px !important;}\u00bb]<span style=\"font-weight: 400;\">S\u00ed, nuestro equipo de Reporting Services puede convertir sus reportes deseados.<\/span>[\/vc_column_text][\/vc_tta_section][vc_tta_section title=\u00bb\u00bfPuedo crear reportes ad hoc?\u00bb tab_id=\u00bb1616180920871-b2729a65-324e\u00bb][vc_column_text css=\u00bb.vc_custom_1661898552673{padding-left: 25px !important;}\u00bb]<span style=\"font-weight: 400;\">\u00a1S\u00ed! Estos reportes ad hoc pueden ser creados por tu equipo de TI a trav\u00e9s de dReveal Designers o por nuestro equipo de Reporting Services.<\/span>[\/vc_column_text][\/vc_tta_section][vc_tta_section title=\u00bb\u00bfNecesitan los usuarios capacitaci\u00f3n para crear reportes sobre las herramientas de dReveal Designers?\u00bb tab_id=\u00bb1616180964318-721a3a67-6546&#8243;][vc_column_text css=\u00bb.vc_custom_1661898582838{padding-left: 25px !important;}\u00bb]<span style=\"font-weight: 400;\">S\u00ed. Requiere una breve capacitaci\u00f3n para aquellos que sepan manejar bases de datos.<\/span>[\/vc_column_text][\/vc_tta_section][vc_tta_section title=\u00bb\u00bfQu\u00e9 es Reporting Services?\u00bb tab_id=\u00bb1616180990417-d577e929-5cc4&#8243;][vc_column_text css=\u00bb.vc_custom_1661898619755{padding-left: 25px !important;}\u00bb]<span style=\"font-weight: 400;\">Es un portal para quienes necesiten que nuestro equipo genere sus reportes.<\/span>[\/vc_column_text][\/vc_tta_section][vc_tta_section title=\u00bb\u00bfFunciona dReveal en tel\u00e9fonos m\u00f3viles o tabletas?\u00bb tab_id=\u00bb1616181030489-54b4b47d-ca0d\u00bb][vc_column_text css=\u00bb.vc_custom_1661898672120{padding-left: 25px !important;}\u00bb]<span style=\"font-weight: 400;\">No. Los reportes no est\u00e1n dise\u00f1ados para verse en dispositivos m\u00f3viles o tabletas.<\/span>[\/vc_column_text][\/vc_tta_section][vc_tta_section title=\u00bb\u00bfHay soporte gratuito para dReveal?\u00bb tab_id=\u00bb1616181059880-872309fa-e9e3&#8243;][vc_column_text css=\u00bb.vc_custom_1661898695461{padding-left: 25px !important;}\u00bb]<span style=\"font-weight: 400;\">S\u00ed, hay soporte gratuito con la compra de cualquier producto o plan.<\/span>[\/vc_column_text][\/vc_tta_section][vc_tta_section title=\u00bb\u00bfEs la licencia perpetua o por suscripci\u00f3n?\u00bb tab_id=\u00bb1616181088471-b13457cf-4897&#8243;][vc_column_text css=\u00bb.vc_custom_1661898723899{padding-left: 25px !important;}\u00bb]<span style=\"font-weight: 400;\">La licencia es por suscripci\u00f3n anual o mensual.<\/span>[\/vc_column_text][\/vc_tta_section][vc_tta_section title=\u00bb\u00bfPuede dReveal conectarse a diferentes bases de datos simult\u00e1neamente?\u00bb tab_id=\u00bb1661898745527-5619767f-7bc5&#8243;][vc_column_text css=\u00bb.vc_custom_1661898813801{padding-left: 25px !important;}\u00bb]<span style=\"font-weight: 400;\">No, no es posible tener diferentes fuentes de datos. Solo puede haber una conexi\u00f3n de base de datos a trav\u00e9s de MS SQL Server u OData.<\/span>[\/vc_column_text][\/vc_tta_section][vc_tta_section title=\u00bb\u00bfPuedo hacer comparaciones de datos en una pantalla?\u00bb tab_id=\u00bb1661898825872-51f02598-6219&#8243;][vc_column_text css=\u00bb.vc_custom_1661898854832{padding-left: 25px !important;}\u00bb]<span style=\"font-weight: 400;\">S\u00ed. Los Dashboards pueden mostrar varios gr\u00e1ficos en la misma pantalla.<\/span>[\/vc_column_text][\/vc_tta_section][vc_tta_section title=\u00bb\u00bfPuedo generar reportes si no tengo acceso a Internet?\u00bb tab_id=\u00bb1661898857013-553f2284-8478&#8243;][vc_column_text css=\u00bb.vc_custom_1661898880373{padding-left: 25px !important;}\u00bb]<span style=\"font-weight: 400;\">S\u00ed, es posible si el servidor est\u00e1 desplegado en una intranet.<\/span>[\/vc_column_text][\/vc_tta_section][vc_tta_section title=\u00bb\u00bfPuedo acceder a dReveal y generar reportes desde cualquier lugar?\u00bb tab_id=\u00bb1661898894005-cbb1c8cb-868d\u00bb][vc_column_text css=\u00bb.vc_custom_1661898924287{padding-left: 25px !important;}\u00bb]<span style=\"font-weight: 400;\">S\u00ed. El servidor se puede implementar en la nube y acceder desde cualquier lugar.<\/span>[\/vc_column_text][\/vc_tta_section][\/vc_tta_accordion][\/vc_column][\/vc_row]<\/p>\n<\/div>","protected":false},"excerpt":{"rendered":"<p>[vc_row full_width=\u00bbstretch_row_content\u00bb bg_type=\u00bbimage\u00bb parallax_style=\u00bbvcpb-default\u00bb bg_image_new=\u00bbid^1332|url^https:\/\/dreveal.com\/wp-content\/uploads\/2021\/03\/faq_green.png|caption^null|alt^null|title^faq_green|description^null\u00bb bg_image_repeat=\u00bbno-repeat\u00bb enable_overlay=\u00bbenable_overlay_value\u00bb overlay_color=\u00bbrgba(0,0,0,0.6)\u00bb type=\u00bbvc_default\u00bb][vc_column][\/vc_column][\/vc_row][vc_row css=\u00bb.vc_custom_1736455618716{padding-top: 5% !important;padding-bottom: 4% !important;}\u00bb][vc_column css=\u00bb.vc_custom_1616181522967{border-right-width: 0px !important;border-left-width: 0px !important;padding-right: 0px !important;padding-left: 0px !important;}\u00bb][vc_tta_accordion style=\u00bbmodern\u00bb spacing=\u00bb10&#8243; c_icon=\u00bbchevron\u00bb active_section=\u00bb\u00bb collapsible_all=\u00bbtrue\u00bb css=\u00bb.vc_custom_1616182560821{margin-right: 0px !important;margin-left: 0px !important;border-right-width: 0px !important;border-left-width: 0px !important;padding-right: 0px !important;padding-left: 0px !important;}\u00bb][vc_tta_section title=\u00bb\u00bfNecesito tener un servidor adicional o almacenamiento de datos separado?\u00bb tab_id=\u00bb1616179268733-b0084d1e-960d\u00bb][vc_column_text css=\u00bb.vc_custom_1661898408686{padding-left: 25px !important;border-radius:&hellip;<\/p>\n","protected":false},"author":7,"featured_media":0,"parent":0,"menu_order":1,"comment_status":"closed","ping_status":"closed","template":"","meta":{"footnotes":""},"class_list":["post-3474","page","type-page","status-publish","hentry","description-off"],"yoast_head":"<!-- This site is optimized with the Yoast SEO Premium plugin v27.2 (Yoast SEO v27.2) - https:\/\/yoast.com\/product\/yoast-seo-premium-wordpress\/ -->\n<title>Preguntas frecuentes - Soluciones de datos dReveal<\/title>\n<meta name=\"description\" content=\"Encuentra respuestas a tus preguntas sobre las soluciones de datos de dReveal en nuestras FAQs. Consultas t\u00e9cnicas, precios y m\u00e1s.\" \/>\n<meta name=\"robots\" content=\"index, follow, max-snippet:-1, max-image-preview:large, max-video-preview:-1\" \/>\n<link rel=\"canonical\" href=\"https:\/\/dreveal.com\/es\/preguntas-frecuentes\/\" \/>\n<meta property=\"og:locale\" content=\"es_ES\" \/>\n<meta property=\"og:type\" content=\"article\" \/>\n<meta property=\"og:title\" content=\"Preguntas frecuentes - Soluciones de datos dReveal\" \/>\n<meta property=\"og:description\" content=\"Encuentra respuestas a tus preguntas sobre las soluciones de datos de dReveal en nuestras FAQs. Consultas t\u00e9cnicas, precios y m\u00e1s.\" \/>\n<meta property=\"og:url\" content=\"https:\/\/dreveal.com\/es\/preguntas-frecuentes\/\" \/>\n<meta property=\"og:site_name\" content=\"Audit reports &amp; Dashboards\" \/>\n<meta property=\"article:modified_time\" content=\"2025-01-09T20:47:00+00:00\" \/>\n<meta name=\"twitter:card\" content=\"summary_large_image\" \/>\n<meta name=\"twitter:label1\" content=\"Tiempo de lectura\" \/>\n\t<meta name=\"twitter:data1\" content=\"5 minutos\" \/>\n<script type=\"application\/ld+json\" class=\"yoast-schema-graph\">{\"@context\":\"https:\/\/schema.org\",\"@graph\":[{\"@type\":\"WebPage\",\"@id\":\"https:\/\/dreveal.com\/es\/preguntas-frecuentes\/\",\"url\":\"https:\/\/dreveal.com\/es\/preguntas-frecuentes\/\",\"name\":\"Preguntas frecuentes - Soluciones de datos dReveal\",\"isPartOf\":{\"@id\":\"https:\/\/dreveal.com\/es\/#website\"},\"datePublished\":\"2022-11-25T13:22:02+00:00\",\"dateModified\":\"2025-01-09T20:47:00+00:00\",\"description\":\"Encuentra respuestas a tus preguntas sobre las soluciones de datos de dReveal en nuestras FAQs. Consultas t\u00e9cnicas, precios y m\u00e1s.\",\"inLanguage\":\"es\",\"potentialAction\":[{\"@type\":\"ReadAction\",\"target\":[\"https:\/\/dreveal.com\/es\/preguntas-frecuentes\/\"]}]},{\"@type\":\"WebSite\",\"@id\":\"https:\/\/dreveal.com\/es\/#website\",\"url\":\"https:\/\/dreveal.com\/es\/\",\"name\":\"dReveal | Data Analysis Tools, Discover the power of your data\",\"description\":\"Software applications &amp; web components specialized in audit reports &amp; dashboards\",\"potentialAction\":[{\"@type\":\"SearchAction\",\"target\":{\"@type\":\"EntryPoint\",\"urlTemplate\":\"https:\/\/dreveal.com\/es\/?s={search_term_string}\"},\"query-input\":{\"@type\":\"PropertyValueSpecification\",\"valueRequired\":true,\"valueName\":\"search_term_string\"}}],\"inLanguage\":\"es\"}]}<\/script>\n<!-- \/ Yoast SEO Premium plugin. -->","yoast_head_json":{"title":"Preguntas frecuentes - Soluciones de datos dReveal","description":"Encuentra respuestas a tus preguntas sobre las soluciones de datos de dReveal en nuestras FAQs. Consultas t\u00e9cnicas, precios y m\u00e1s.","robots":{"index":"index","follow":"follow","max-snippet":"max-snippet:-1","max-image-preview":"max-image-preview:large","max-video-preview":"max-video-preview:-1"},"canonical":"https:\/\/dreveal.com\/es\/preguntas-frecuentes\/","og_locale":"es_ES","og_type":"article","og_title":"Preguntas frecuentes - Soluciones de datos dReveal","og_description":"Encuentra respuestas a tus preguntas sobre las soluciones de datos de dReveal en nuestras FAQs. Consultas t\u00e9cnicas, precios y m\u00e1s.","og_url":"https:\/\/dreveal.com\/es\/preguntas-frecuentes\/","og_site_name":"Audit reports &amp; Dashboards","article_modified_time":"2025-01-09T20:47:00+00:00","twitter_card":"summary_large_image","twitter_misc":{"Tiempo de lectura":"5 minutos"},"schema":{"@context":"https:\/\/schema.org","@graph":[{"@type":"WebPage","@id":"https:\/\/dreveal.com\/es\/preguntas-frecuentes\/","url":"https:\/\/dreveal.com\/es\/preguntas-frecuentes\/","name":"Preguntas frecuentes - Soluciones de datos dReveal","isPartOf":{"@id":"https:\/\/dreveal.com\/es\/#website"},"datePublished":"2022-11-25T13:22:02+00:00","dateModified":"2025-01-09T20:47:00+00:00","description":"Encuentra respuestas a tus preguntas sobre las soluciones de datos de dReveal en nuestras FAQs. Consultas t\u00e9cnicas, precios y m\u00e1s.","inLanguage":"es","potentialAction":[{"@type":"ReadAction","target":["https:\/\/dreveal.com\/es\/preguntas-frecuentes\/"]}]},{"@type":"WebSite","@id":"https:\/\/dreveal.com\/es\/#website","url":"https:\/\/dreveal.com\/es\/","name":"dReveal | Data Analysis Tools, Discover the power of your data","description":"Software applications &amp; web components specialized in audit reports &amp; dashboards","potentialAction":[{"@type":"SearchAction","target":{"@type":"EntryPoint","urlTemplate":"https:\/\/dreveal.com\/es\/?s={search_term_string}"},"query-input":{"@type":"PropertyValueSpecification","valueRequired":true,"valueName":"search_term_string"}}],"inLanguage":"es"}]}},"_links":{"self":[{"href":"https:\/\/dreveal.com\/es\/wp-json\/wp\/v2\/pages\/3474","targetHints":{"allow":["GET"]}}],"collection":[{"href":"https:\/\/dreveal.com\/es\/wp-json\/wp\/v2\/pages"}],"about":[{"href":"https:\/\/dreveal.com\/es\/wp-json\/wp\/v2\/types\/page"}],"author":[{"embeddable":true,"href":"https:\/\/dreveal.com\/es\/wp-json\/wp\/v2\/users\/7"}],"replies":[{"embeddable":true,"href":"https:\/\/dreveal.com\/es\/wp-json\/wp\/v2\/comments?post=3474"}],"version-history":[{"count":0,"href":"https:\/\/dreveal.com\/es\/wp-json\/wp\/v2\/pages\/3474\/revisions"}],"wp:attachment":[{"href":"https:\/\/dreveal.com\/es\/wp-json\/wp\/v2\/media?parent=3474"}],"curies":[{"name":"wp","href":"https:\/\/api.w.org\/{rel}","templated":true}]}}